{"id":2741,"date":"2019-07-18T15:02:02","date_gmt":"2019-07-18T12:02:02","guid":{"rendered":"https:\/\/mberg-worklight.muikku.web-veistamo.fi?page_id=2741"},"modified":"2019-07-19T14:08:20","modified_gmt":"2019-07-19T11:08:20","slug":"belysningsraknare","status":"publish","type":"page","link":"https:\/\/mberg-worklight.com\/sv\/belysningsraknare\/","title":{"rendered":"Hur mycket kan jag spara med MBerg-lampor?"},"content":{"rendered":"<p>G\u00f6r en kostnadskalkyl med hj\u00e4lp av v\u00e5r r\u00e4knare. Om du vill kan du skicka en offertbeg\u00e4ran som grundar sig p\u00e5 de angivna m\u00e4ngderna!<\/p>\n\n<div class=\"wpcf7 no-js\" id=\"wpcf7-f2750-o1\" lang=\"en-US\" dir=\"ltr\" data-wpcf7-id=\"2750\">\n<div class=\"screen-reader-response\"><p role=\"status\" aria-live=\"polite\" aria-atomic=\"true\"><\/p> <ul><\/ul><\/div>\n<form action=\"\/sv\/wp-json\/wp\/v2\/pages\/2741#wpcf7-f2750-o1\" method=\"post\" class=\"wpcf7-form init\" aria-label=\"Contact form\" novalidate=\"novalidate\" data-status=\"init\">\n<fieldset class=\"hidden-fields-container\"><input type=\"hidden\" name=\"_wpcf7\" value=\"2750\" \/><input type=\"hidden\" name=\"_wpcf7_version\" value=\"6.1.1\" \/><input type=\"hidden\" name=\"_wpcf7_locale\" value=\"en_US\" \/><input type=\"hidden\" name=\"_wpcf7_unit_tag\" value=\"wpcf7-f2750-o1\" \/><input type=\"hidden\" name=\"_wpcf7_container_post\" value=\"0\" \/><input type=\"hidden\" name=\"_wpcf7_posted_data_hash\" value=\"\" \/><input type=\"hidden\" name=\"_wpcf7_recaptcha_response\" value=\"\" \/>\n<\/fieldset>\n<div class=\"valaistuslaskuri-wrap\"><div class=\"valaistuslaskuri-header\">Cost calculator<\/div><div class=\"valaistuslaskuri-content\"><div class=\"area-wrap\"><div class=\"row area-info-wrap\"><div class=\"col-12 col-md-6\"><label>Size of the area to be lighted (m<sup>2<\/sup>):<input name=\"area-size\" id=\"area-size\" type=\"number\" \/><\/label><span class=\"valaistuslaskuri-info\"><i class=\"fa fa-info-circle\"><\/i>We recommend that the MBerg lights be installed at the height of 2\u20136 m.<\/span><\/div><div class=\"col-12 col-md-6\"><label>Are there many corridors in the facility?<\/label><label class=\"radio-label\"><input type=\"radio\" name=\"corridor-much\" value=\"yes\"> Yes<\/label><label class=\"radio-label\"><input type=\"radio\" name=\"corridor-much\" value=\"quite\"> Some<\/label><label class=\"radio-label\"><input type=\"radio\" name=\"corridor-much\" value=\"no\" checked=\"checked\"> No<\/label><\/div><\/div><div class=\"result hidden\"><hr \/><h3>You will need (rough estimation):<\/h3><div class=\"row\"><div class=\"col-12 col-md-5\"><div class=\"row result-info-row\"><div class=\"col-12 col-md-6\"><label>MBerg 48V: <span><input name=\"mberg_48v\" id=\"mberg-48v\"style=\"width: 10px;\" readonly><\/span><\/label><img loading=\"lazy\" decoding=\"async\" width=\"150\" height=\"150\" src=\"https:\/\/mberg-worklight.com\/wp-content\/uploads\/2018\/07\/Uusi_matala_Mberg_48V_sininen_sininen-150x150.jpg\" class=\"attachment-thumbnail size-thumbnail\" alt=\"\" srcset=\"https:\/\/mberg-worklight.com\/wp-content\/uploads\/2018\/07\/Uusi_matala_Mberg_48V_sininen_sininen-150x150.jpg 150w, https:\/\/mberg-worklight.com\/wp-content\/uploads\/2018\/07\/Uusi_matala_Mberg_48V_sininen_sininen-250x250.jpg 250w, https:\/\/mberg-worklight.com\/wp-content\/uploads\/2018\/07\/Uusi_matala_Mberg_48V_sininen_sininen-768x768.jpg 768w, https:\/\/mberg-worklight.com\/wp-content\/uploads\/2018\/07\/Uusi_matala_Mberg_48V_sininen_sininen-700x700.jpg 700w, https:\/\/mberg-worklight.com\/wp-content\/uploads\/2018\/07\/Uusi_matala_Mberg_48V_sininen_sininen-120x120.jpg 120w, https:\/\/mberg-worklight.com\/wp-content\/uploads\/2018\/07\/Uusi_matala_Mberg_48V_sininen_sininen.jpg 1000w\" sizes=\"auto, (max-width: 150px) 100vw, 150px\" \/><\/div><div class=\"col-12 col-md-6\"><h4>+ accessories<\/h4><label>Valmu lighting transformer 1,500 VA: <span><input name=\"mberg_transformers-1500\" id=\"mberg-transformers-1500\" readonly><\/span><\/label><label>Alternatively, Valmu 2,000 VA: <span><input name=\"mberg_transformers-2000\" id=\"mberg-transformers-2000\" readonly><\/span><\/label><label>Lighting cable: <span><input name=\"mberg_cables\" id=\"mberg-cables\" readonly><\/span><\/label><label>Floor connectors: <span><input name=\"mberg_terminals\" id=\"mberg-terminals\" readonly><\/span><\/label><label>Suspension hooks: <span><input name=\"mberg_hooks\" id=\"mberg-hooks\" readonly><\/span><\/label><\/div><span class=\"valaistuslaskuri-info\"><i class=\"fa fa-info-circle\"><\/i>Some of the lights can be replaced with <a href=\"https:\/\/www.elsite.fi\/tuotteet\/valo\/mberg-2-0-48v-turvavalaisin\/\" target=\"_blank\">MBerg lights that have a battery backup.<\/a><\/span><\/div><\/div><div class=\"col-12 col-md-2 result-info-middle\"><h3>OR:<\/h3><\/div><div class=\"col-12 col-md-5\"><div class=\"row result-info-row\"><div class=\"col-12 col-md-6\"><label>MBerg 230V: <span><input name=\"mberg_230v\" id=\"mberg-230v\" style=\"width: 10px; readonly\"><\/span><\/label><img loading=\"lazy\" decoding=\"async\" width=\"150\" height=\"150\" src=\"https:\/\/mberg-worklight.com\/wp-content\/uploads\/2019\/07\/Uusi_matala_Mberg_230V_sini_sin-150x150.jpg\" class=\"attachment-thumbnail size-thumbnail\" alt=\"\" srcset=\"https:\/\/mberg-worklight.com\/wp-content\/uploads\/2019\/07\/Uusi_matala_Mberg_230V_sini_sin-150x150.jpg 150w, https:\/\/mberg-worklight.com\/wp-content\/uploads\/2019\/07\/Uusi_matala_Mberg_230V_sini_sin-250x250.jpg 250w, https:\/\/mberg-worklight.com\/wp-content\/uploads\/2019\/07\/Uusi_matala_Mberg_230V_sini_sin-768x768.jpg 768w, https:\/\/mberg-worklight.com\/wp-content\/uploads\/2019\/07\/Uusi_matala_Mberg_230V_sini_sin-700x700.jpg 700w, https:\/\/mberg-worklight.com\/wp-content\/uploads\/2019\/07\/Uusi_matala_Mberg_230V_sini_sin-120x120.jpg 120w, https:\/\/mberg-worklight.com\/wp-content\/uploads\/2019\/07\/Uusi_matala_Mberg_230V_sini_sin.jpg 1000w\" sizes=\"auto, (max-width: 150px) 100vw, 150px\" \/><\/div><div class=\"col-12 col-md-6\"><h4>+ accessories<\/h4><label>Suspension hooks: <span><input name=\"mberg_230v_hooks\" id=\"mberg-230v-hooks\" readonly><\/span><\/label><\/div><\/div><\/div><\/div><\/div><\/div><div class=\"savings-wrap hidden\"><hr \/><h2>Estimated energy savings:<\/h2><p>The calculation is based on the project duration and electricity price you have provided in the fields below and the information you provided earlier regarding the number of lights. <\/p><div class=\"row project-info-wrap\"><div class=\"col-12 col-md-6\"><label>Duration of your construction project (years):<input name=\"project_duration\" id=\"project-duration\" type=\"number\" placeholder=\"3\" \/><\/label><\/div><div class=\"col-12 col-md-6\"><label>Electricity price (\u20ac\/kWh):<input name=\"energy_price\" id=\"energy-price\" type=\"number\" placeholder=\"0.13\" \/><\/label><\/div><\/div><div class=\"result\"><div id=\"savings-chart\"><\/div><div class=\"savings-table-wrap\"><a id=\"savings-table-toggle\">What is the diagram based on? ><\/a><table id=\"savings-table\" class=\"hidden\"><thead><tr><th><\/th><th>Pcs<\/th><th>Consumption (W)<\/th><th>Energy consumption during the whole project (kWh)<\/th><th>Energy price during the whole project (\u20ac)<\/th><\/tr><\/thead><tbody><tr><th>MBerg light<\/th><td id=\"mberg-number\"><\/td><td id=\"mberg-w\">21<\/td><td id=\"mberg-energy\"><\/td><td id=\"mberg-cost\"><\/td><\/tr><tr><th>Fluorescent tube light 2 x 36 W<\/th><td id=\"loisteputki-number\"><\/td><td id=\"loisteputki-w\">72<\/td><td id=\"loisteputki-energy\"><\/td><td id=\"loisteputki-cost\"><\/td><\/tr><\/tbody><\/table><\/div><div class=\"total-savings-wrap row\"><div class=\"col-12 col-md-6\"><div class=\"row total-savings-wrap-left\"><div class=\"col-12 col-md-6\"><div>With the MBerg lighting, your savings during the entire project will amount to:<\/div><\/div><div class=\"col-12 col-md-6 total-savings\"><div><span>xxx<\/span> \u20ac<\/div><\/div><\/div><\/div><div class=\"col-12 col-md-6 total-savings-wrap-right\"><div><span class=\"valaistuslaskuri-info\"><i class=\"fa fa-info-circle\"><\/i>Savings also arise from the fact that the MBerg lighting is maintenance free<\/span><\/div><\/div><\/div><\/div><\/div><\/div><\/div><a id=\"quote-form-toggle\" class=\"hidden\">REQUEST A QUOTE<\/a>\n<\/p>\n<div id=\"quote-wrap\" class=\"hidden\">\n\t<div class=\"row\">\n\t\t<div class=\"col-12 col-md-4\">\n\t\t\t<p><label>Storlek p\u00e5 ytan som ska belysas (m<sup>2<\/sup>): <span class=\"wpcf7-form-control-wrap\" data-name=\"quote_area_size\"><input size=\"40\" maxlength=\"400\" class=\"wpcf7-form-control wpcf7-text\" id=\"quote-area-size\" readonly=\"readonly\" aria-invalid=\"false\" value=\"\" type=\"text\" name=\"quote_area_size\" \/><\/span><\/label><br \/>\n<label>Finns det mycket korridor inom ytan?: <span class=\"wpcf7-form-control-wrap\" data-name=\"quote_corridors\"><input size=\"40\" maxlength=\"400\" class=\"wpcf7-form-control wpcf7-text\" id=\"quote-corridors\" readonly=\"readonly\" aria-invalid=\"false\" value=\"\" type=\"text\" name=\"quote_corridors\" \/><\/span><\/label><br \/>\n<label>Projektl\u00e4ngd (\u00e5r): <span class=\"wpcf7-form-control-wrap\" data-name=\"quote_project_duration\"><input size=\"40\" maxlength=\"400\" class=\"wpcf7-form-control wpcf7-text\" id=\"quote-project-duration\" readonly=\"readonly\" aria-invalid=\"false\" value=\"\" type=\"text\" name=\"quote_project_duration\" \/><\/span><\/label><br \/>\n<label>Elpris (SEK\/kWh): <span class=\"wpcf7-form-control-wrap\" data-name=\"quote_energy_price\"><input size=\"40\" maxlength=\"400\" class=\"wpcf7-form-control wpcf7-text\" id=\"quote-energy-price\" readonly=\"readonly\" aria-invalid=\"false\" value=\"\" type=\"text\" name=\"quote_energy_price\" \/><\/span><\/label><br \/>\n<label>Antal lampor du beh\u00f6ver: <span class=\"wpcf7-form-control-wrap\" data-name=\"quote_lamp_amount\"><input size=\"40\" maxlength=\"400\" class=\"wpcf7-form-control wpcf7-text\" id=\"quote-lamp-amount\" readonly=\"readonly\" aria-invalid=\"false\" value=\"\" type=\"text\" name=\"quote_lamp_amount\" \/><\/span><\/label>\n\t\t\t<\/p>\n\t\t\t<p class=\"quote-text\">Observera att du kan \u00e4ndra v\u00e4rden h\u00f6gre upp p\u00e5 sidan.\n\t\t\t<\/p>\n\t\t<\/div>\n\t\t<div class=\"col-12 col-md-4\">\n\t\t\t<p><label>Jag \u00e4r intresserad av:<\/label><br \/>\n<span class=\"wpcf7-form-control-wrap\" data-name=\"quote_interested_in\"><span class=\"wpcf7-form-control wpcf7-checkbox wpcf7-validates-as-required\" id=\"quote-interested-in\"><span class=\"wpcf7-list-item first\"><label><input type=\"checkbox\" name=\"quote_interested_in[]\" value=\"MBerg 48V\" \/><span class=\"wpcf7-list-item-label\">MBerg 48V<\/span><\/label><\/span><span class=\"wpcf7-list-item\"><label><input type=\"checkbox\" name=\"quote_interested_in[]\" value=\"MBerg 230V\" \/><span class=\"wpcf7-list-item-label\">MBerg 230V<\/span><\/label><\/span><span class=\"wpcf7-list-item last\"><label><input type=\"checkbox\" name=\"quote_interested_in[]\" value=\"Till\u00e4ggsutrustning\" \/><span class=\"wpcf7-list-item-label\">Till\u00e4ggsutrustning<\/span><\/label><\/span><\/span><\/span>\n\t\t\t<\/p>\n\t\t<\/div>\n\t\t<div class=\"col-12 col-md-4\" id=\"quote-basic-info\">\n\t\t\t<p><label>E-postadress<br \/>\n<span class=\"wpcf7-form-control-wrap\" data-name=\"email\"><input size=\"40\" maxlength=\"400\" class=\"wpcf7-form-control wpcf7-email wpcf7-validates-as-required wpcf7-text wpcf7-validates-as-email\" aria-required=\"true\" aria-invalid=\"false\" placeholder=\"E-postadress\" value=\"\" type=\"email\" name=\"email\" \/><\/span><br \/>\n<\/label><br \/>\n<label>Telefonnummer<br \/>\n<span class=\"wpcf7-form-control-wrap\" data-name=\"phone\"><input size=\"40\" maxlength=\"400\" class=\"wpcf7-form-control wpcf7-tel wpcf7-validates-as-required wpcf7-text wpcf7-validates-as-tel\" aria-required=\"true\" aria-invalid=\"false\" placeholder=\"Telefonnummer\" value=\"\" type=\"tel\" name=\"phone\" \/><\/span><br \/>\n<\/label><br \/>\n<label>F\u00f6retag<br \/>\n<span class=\"wpcf7-form-control-wrap\" data-name=\"yritys\"><input size=\"40\" maxlength=\"400\" class=\"wpcf7-form-control wpcf7-text wpcf7-validates-as-required\" aria-required=\"true\" aria-invalid=\"false\" placeholder=\"F\u00f6retag\" value=\"\" type=\"text\" name=\"yritys\" \/><\/span><br \/>\n<\/label>\n\t\t\t<\/p>\n\t\t<\/div>\n\t<\/div>\n<input class=\"wpcf7-form-control wpcf7-hidden\" id=\"quote-total-savings\" value=\"\" type=\"hidden\" name=\"total_savings\" \/>\n<input class=\"wpcf7-form-control wpcf7-hidden\" value=\"opportunity\" type=\"hidden\" name=\"type\" \/>\n<input class=\"wpcf7-form-control wpcf7-hidden\" value=\"\" type=\"hidden\" name=\"myyntitiimi\" \/>\n<input class=\"wpcf7-form-control wpcf7-hidden\" value=\"\" type=\"hidden\" name=\"muuttiedot\" \/>\n<input class=\"wpcf7-form-control wpcf7-hidden\" value=\"\" type=\"hidden\" name=\"media\" \/>\n<input class=\"wpcf7-form-control wpcf7-hidden\" value=\"\" type=\"hidden\" name=\"source\" \/>\n\t<div id=\"quote-submit\">\n\t\t<p><input class=\"wpcf7-form-control wpcf7-submit has-spinner\" type=\"submit\" value=\"SKICKA\" \/>\n\t\t<\/p>\n\t<\/div>\n<\/div>\n\n<div class=\"wpcf7-response-output\" aria-hidden=\"true\"><\/div>\n<\/form>\n<\/div>\n\n","protected":false},"excerpt":{"rendered":"G\u00f6r en kostnadskalkyl med hj\u00e4lp av v\u00e5r r\u00e4knare. Om du vill kan du skicka en offertbeg\u00e4ran som grundar sig p\u00e5 de angivna m\u00e4ngderna!","protected":false},"author":3,"featured_media":0,"parent":0,"menu_order":0,"comment_status":"closed","ping_status":"closed","template":"page-matala.php","meta":{"_acf_changed":false,"footnotes":""},"class_list":["post-2741","page","type-page","status-publish","hentry"],"acf":[],"yoast_head":"<!-- This site is optimized with the Yoast SEO plugin v27.4 - https:\/\/yoast.com\/product\/yoast-seo-wordpress\/ -->\n<title>Hur mycket kan jag spara med MBerg-lampor? - MBerg\u00ae-worklight (TSR | ELSITE)<\/title>\n<meta name=\"robots\" content=\"index, follow, max-snippet:-1, max-image-preview:large, max-video-preview:-1\" \/>\n<link rel=\"canonical\" href=\"https:\/\/mberg-worklight.comsv\/belysningsraknare\/\" \/>\n<meta property=\"og:locale\" content=\"sv_SE\" \/>\n<meta property=\"og:type\" content=\"article\" \/>\n<meta property=\"og:title\" content=\"Hur mycket kan jag spara med MBerg-lampor? - MBerg\u00ae-worklight (TSR | ELSITE)\" \/>\n<meta property=\"og:description\" content=\"G\u00f6r en kostnadskalkyl med hj\u00e4lp av v\u00e5r r\u00e4knare. Om du vill kan du skicka en offertbeg\u00e4ran som grundar sig p\u00e5 de angivna m\u00e4ngderna!\" \/>\n<meta property=\"og:url\" content=\"https:\/\/mberg-worklight.comsv\/belysningsraknare\/\" \/>\n<meta property=\"og:site_name\" content=\"MBerg\u00ae-worklight (TSR | ELSITE)\" \/>\n<meta property=\"article:publisher\" content=\"https:\/\/www.facebook.com\/elsitemberg\/\" \/>\n<meta property=\"article:modified_time\" content=\"2019-07-19T11:08:20+00:00\" \/>\n<meta property=\"og:image\" content=\"https:\/\/mberg-worklight.com\/wp-content\/uploads\/2016\/10\/mberg-worklight-share.jpg\" \/>\n\t<meta property=\"og:image:width\" content=\"579\" \/>\n\t<meta property=\"og:image:height\" content=\"579\" \/>\n\t<meta property=\"og:image:type\" content=\"image\/jpeg\" \/>\n<meta name=\"twitter:card\" content=\"summary_large_image\" \/>\n<script type=\"application\/ld+json\" class=\"yoast-schema-graph\">{\"@context\":\"https:\\\/\\\/schema.org\",\"@graph\":[{\"@type\":\"WebPage\",\"@id\":\"https:\\\/\\\/mberg-worklight.comsv\\\/belysningsraknare\\\/\",\"url\":\"https:\\\/\\\/mberg-worklight.comsv\\\/belysningsraknare\\\/\",\"name\":\"Hur mycket kan jag spara med MBerg-lampor? - MBerg\u00ae-worklight (TSR | ELSITE)\",\"isPartOf\":{\"@id\":\"https:\\\/\\\/mberg-worklight.com\\\/#website\"},\"datePublished\":\"2019-07-18T12:02:02+00:00\",\"dateModified\":\"2019-07-19T11:08:20+00:00\",\"breadcrumb\":{\"@id\":\"https:\\\/\\\/mberg-worklight.comsv\\\/belysningsraknare\\\/#breadcrumb\"},\"inLanguage\":\"sv-SE\",\"potentialAction\":[{\"@type\":\"ReadAction\",\"target\":[\"https:\\\/\\\/mberg-worklight.comsv\\\/belysningsraknare\\\/\"]}]},{\"@type\":\"BreadcrumbList\",\"@id\":\"https:\\\/\\\/mberg-worklight.comsv\\\/belysningsraknare\\\/#breadcrumb\",\"itemListElement\":[{\"@type\":\"ListItem\",\"position\":1,\"name\":\"Etusivu\",\"item\":\"https:\\\/\\\/mberg-worklight.comsv\\\/\"},{\"@type\":\"ListItem\",\"position\":2,\"name\":\"Hur mycket kan jag spara med MBerg-lampor?\"}]},{\"@type\":\"WebSite\",\"@id\":\"https:\\\/\\\/mberg-worklight.com\\\/#website\",\"url\":\"https:\\\/\\\/mberg-worklight.com\\\/\",\"name\":\"MBerg\u00ae-worklight (TSR | ELSITE)\",\"description\":\"\",\"potentialAction\":[{\"@type\":\"SearchAction\",\"target\":{\"@type\":\"EntryPoint\",\"urlTemplate\":\"https:\\\/\\\/mberg-worklight.com\\\/?s={search_term_string}\"},\"query-input\":{\"@type\":\"PropertyValueSpecification\",\"valueRequired\":true,\"valueName\":\"search_term_string\"}}],\"inLanguage\":\"sv-SE\"}]}<\/script>\n<!-- \/ Yoast SEO plugin. -->","yoast_head_json":{"title":"Hur mycket kan jag spara med MBerg-lampor? - MBerg\u00ae-worklight (TSR | ELSITE)","robots":{"index":"index","follow":"follow","max-snippet":"max-snippet:-1","max-image-preview":"max-image-preview:large","max-video-preview":"max-video-preview:-1"},"canonical":"https:\/\/mberg-worklight.comsv\/belysningsraknare\/","og_locale":"sv_SE","og_type":"article","og_title":"Hur mycket kan jag spara med MBerg-lampor? - MBerg\u00ae-worklight (TSR | ELSITE)","og_description":"G\u00f6r en kostnadskalkyl med hj\u00e4lp av v\u00e5r r\u00e4knare. Om du vill kan du skicka en offertbeg\u00e4ran som grundar sig p\u00e5 de angivna m\u00e4ngderna!","og_url":"https:\/\/mberg-worklight.comsv\/belysningsraknare\/","og_site_name":"MBerg\u00ae-worklight (TSR | ELSITE)","article_publisher":"https:\/\/www.facebook.com\/elsitemberg\/","article_modified_time":"2019-07-19T11:08:20+00:00","og_image":[{"width":579,"height":579,"url":"https:\/\/mberg-worklight.com\/wp-content\/uploads\/2016\/10\/mberg-worklight-share.jpg","type":"image\/jpeg"}],"twitter_card":"summary_large_image","schema":{"@context":"https:\/\/schema.org","@graph":[{"@type":"WebPage","@id":"https:\/\/mberg-worklight.comsv\/belysningsraknare\/","url":"https:\/\/mberg-worklight.comsv\/belysningsraknare\/","name":"Hur mycket kan jag spara med MBerg-lampor? - MBerg\u00ae-worklight (TSR | ELSITE)","isPartOf":{"@id":"https:\/\/mberg-worklight.com\/#website"},"datePublished":"2019-07-18T12:02:02+00:00","dateModified":"2019-07-19T11:08:20+00:00","breadcrumb":{"@id":"https:\/\/mberg-worklight.comsv\/belysningsraknare\/#breadcrumb"},"inLanguage":"sv-SE","potentialAction":[{"@type":"ReadAction","target":["https:\/\/mberg-worklight.comsv\/belysningsraknare\/"]}]},{"@type":"BreadcrumbList","@id":"https:\/\/mberg-worklight.comsv\/belysningsraknare\/#breadcrumb","itemListElement":[{"@type":"ListItem","position":1,"name":"Etusivu","item":"https:\/\/mberg-worklight.comsv\/"},{"@type":"ListItem","position":2,"name":"Hur mycket kan jag spara med MBerg-lampor?"}]},{"@type":"WebSite","@id":"https:\/\/mberg-worklight.com\/#website","url":"https:\/\/mberg-worklight.com\/","name":"MBerg\u00ae-worklight (TSR | ELSITE)","description":"","potentialAction":[{"@type":"SearchAction","target":{"@type":"EntryPoint","urlTemplate":"https:\/\/mberg-worklight.com\/?s={search_term_string}"},"query-input":{"@type":"PropertyValueSpecification","valueRequired":true,"valueName":"search_term_string"}}],"inLanguage":"sv-SE"}]}},"_links":{"self":[{"href":"https:\/\/mberg-worklight.com\/sv\/wp-json\/wp\/v2\/pages\/2741","targetHints":{"allow":["GET"]}}],"collection":[{"href":"https:\/\/mberg-worklight.com\/sv\/wp-json\/wp\/v2\/pages"}],"about":[{"href":"https:\/\/mberg-worklight.com\/sv\/wp-json\/wp\/v2\/types\/page"}],"author":[{"embeddable":true,"href":"https:\/\/mberg-worklight.com\/sv\/wp-json\/wp\/v2\/users\/3"}],"replies":[{"embeddable":true,"href":"https:\/\/mberg-worklight.com\/sv\/wp-json\/wp\/v2\/comments?post=2741"}],"version-history":[{"count":3,"href":"https:\/\/mberg-worklight.com\/sv\/wp-json\/wp\/v2\/pages\/2741\/revisions"}],"predecessor-version":[{"id":2752,"href":"https:\/\/mberg-worklight.com\/sv\/wp-json\/wp\/v2\/pages\/2741\/revisions\/2752"}],"wp:attachment":[{"href":"https:\/\/mberg-worklight.com\/sv\/wp-json\/wp\/v2\/media?parent=2741"}],"curies":[{"name":"wp","href":"https:\/\/api.w.org\/{rel}","templated":true}]}}