{"id":937,"date":"2016-09-26T10:52:34","date_gmt":"2016-09-26T10:52:34","guid":{"rendered":"https:\/\/mberg-worklight.muikku.web-veistamo.fi?page_id=937\/"},"modified":"2021-09-13T10:28:25","modified_gmt":"2021-09-13T07:28:25","slug":"mbergs-byggeplasslys","status":"publish","type":"page","link":"https:\/\/mberg-worklight.com\/nb\/","title":{"rendered":"MBergs byggeplasslys"},"content":{"rendered":"","protected":false},"excerpt":{"rendered":"","protected":false},"author":3,"featured_media":991,"parent":0,"menu_order":0,"comment_status":"closed","ping_status":"closed","template":"","meta":{"_acf_changed":false,"footnotes":""},"class_list":["post-937","page","type-page","status-publish","has-post-thumbnail","hentry"],"acf":[],"yoast_head":"<!-- This site is optimized with the Yoast SEO plugin v27.5 - https:\/\/yoast.com\/product\/yoast-seo-wordpress\/ -->\n<title>MBerg-byggeplassbelysning \u2013 de beste lysene for byggeplassen din<\/title>\n<meta name=\"description\" content=\"V\u00e5r h\u00f8ykvalitets byggeplassbelysning er slitesterk, vedlikeholdsfri, st\u00f8tsikker og enkel \u00e5 montere. Finn ut mer om MBergs byggeplasslys.\" \/>\n<meta name=\"robots\" content=\"index, follow, max-snippet:-1, max-image-preview:large, max-video-preview:-1\" \/>\n<link rel=\"canonical\" href=\"https:\/\/mberg-worklight.comnb\/\" \/>\n<meta property=\"og:locale\" content=\"nb_NO\" \/>\n<meta property=\"og:type\" content=\"article\" \/>\n<meta property=\"og:title\" content=\"MBerg-byggeplassbelysning \u2013 de beste lysene for byggeplassen din\" \/>\n<meta property=\"og:description\" content=\"V\u00e5r h\u00f8ykvalitets byggeplassbelysning er slitesterk, vedlikeholdsfri, st\u00f8tsikker og enkel \u00e5 montere. Finn ut mer om MBergs byggeplasslys.\" \/>\n<meta property=\"og:url\" content=\"https:\/\/mberg-worklight.comnb\/\" \/>\n<meta property=\"og:site_name\" content=\"MBerg\u00ae-worklight (TSR | ELSITE)\" \/>\n<meta property=\"article:publisher\" content=\"https:\/\/www.facebook.com\/elsitemberg\/\" \/>\n<meta property=\"article:modified_time\" content=\"2021-09-13T07:28:25+00:00\" \/>\n<meta property=\"og:image\" content=\"https:\/\/mberg-worklight.com\/wp-content\/uploads\/2016\/09\/mberg-worklight-sharepic.jpg\" \/>\n\t<meta property=\"og:image:width\" content=\"579\" \/>\n\t<meta property=\"og:image:height\" content=\"579\" \/>\n\t<meta property=\"og:image:type\" content=\"image\/jpeg\" \/>\n<meta name=\"twitter:card\" content=\"summary_large_image\" \/>\n<script type=\"application\/ld+json\" class=\"yoast-schema-graph\">{\"@context\":\"https:\\\/\\\/schema.org\",\"@graph\":[{\"@type\":\"WebPage\",\"@id\":\"https:\\\/\\\/mberg-worklight.comnb\\\/\",\"url\":\"https:\\\/\\\/mberg-worklight.comnb\\\/\",\"name\":\"MBerg-byggeplassbelysning \u2013 de beste lysene for byggeplassen din\",\"isPartOf\":{\"@id\":\"https:\\\/\\\/mberg-worklight.com\\\/#website\"},\"primaryImageOfPage\":{\"@id\":\"https:\\\/\\\/mberg-worklight.comnb\\\/#primaryimage\"},\"image\":{\"@id\":\"https:\\\/\\\/mberg-worklight.comnb\\\/#primaryimage\"},\"thumbnailUrl\":\"https:\\\/\\\/mberg-worklight.com\\\/wp-content\\\/uploads\\\/2016\\\/09\\\/2016-09-29-PHOTO-00000277.jpg\",\"datePublished\":\"2016-09-26T10:52:34+00:00\",\"dateModified\":\"2021-09-13T07:28:25+00:00\",\"description\":\"V\u00e5r h\u00f8ykvalitets byggeplassbelysning er slitesterk, vedlikeholdsfri, st\u00f8tsikker og enkel \u00e5 montere. Finn ut mer om MBergs byggeplasslys.\",\"breadcrumb\":{\"@id\":\"https:\\\/\\\/mberg-worklight.comnb\\\/#breadcrumb\"},\"inLanguage\":\"nb-NO\",\"potentialAction\":[{\"@type\":\"ReadAction\",\"target\":[\"https:\\\/\\\/mberg-worklight.comnb\\\/\"]}]},{\"@type\":\"ImageObject\",\"inLanguage\":\"nb-NO\",\"@id\":\"https:\\\/\\\/mberg-worklight.comnb\\\/#primaryimage\",\"url\":\"https:\\\/\\\/mberg-worklight.com\\\/wp-content\\\/uploads\\\/2016\\\/09\\\/2016-09-29-PHOTO-00000277.jpg\",\"contentUrl\":\"https:\\\/\\\/mberg-worklight.com\\\/wp-content\\\/uploads\\\/2016\\\/09\\\/2016-09-29-PHOTO-00000277.jpg\",\"width\":1600,\"height\":1066,\"caption\":\"MBerg-byggeplassbelysning\"},{\"@type\":\"BreadcrumbList\",\"@id\":\"https:\\\/\\\/mberg-worklight.comnb\\\/#breadcrumb\",\"itemListElement\":[{\"@type\":\"ListItem\",\"position\":1,\"name\":\"Etusivu\",\"item\":\"https:\\\/\\\/mberg-worklight.comnb\\\/\"},{\"@type\":\"ListItem\",\"position\":2,\"name\":\"MBergs byggeplasslys\"}]},{\"@type\":\"WebSite\",\"@id\":\"https:\\\/\\\/mberg-worklight.com\\\/#website\",\"url\":\"https:\\\/\\\/mberg-worklight.com\\\/\",\"name\":\"MBerg\u00ae-worklight (TSR | ELSITE)\",\"description\":\"\",\"potentialAction\":[{\"@type\":\"SearchAction\",\"target\":{\"@type\":\"EntryPoint\",\"urlTemplate\":\"https:\\\/\\\/mberg-worklight.com\\\/?s={search_term_string}\"},\"query-input\":{\"@type\":\"PropertyValueSpecification\",\"valueRequired\":true,\"valueName\":\"search_term_string\"}}],\"inLanguage\":\"nb-NO\"}]}<\/script>\n<!-- \/ Yoast SEO plugin. -->","yoast_head_json":{"title":"MBerg-byggeplassbelysning \u2013 de beste lysene for byggeplassen din","description":"V\u00e5r h\u00f8ykvalitets byggeplassbelysning er slitesterk, vedlikeholdsfri, st\u00f8tsikker og enkel \u00e5 montere. Finn ut mer om MBergs byggeplasslys.","robots":{"index":"index","follow":"follow","max-snippet":"max-snippet:-1","max-image-preview":"max-image-preview:large","max-video-preview":"max-video-preview:-1"},"canonical":"https:\/\/mberg-worklight.comnb\/","og_locale":"nb_NO","og_type":"article","og_title":"MBerg-byggeplassbelysning \u2013 de beste lysene for byggeplassen din","og_description":"V\u00e5r h\u00f8ykvalitets byggeplassbelysning er slitesterk, vedlikeholdsfri, st\u00f8tsikker og enkel \u00e5 montere. Finn ut mer om MBergs byggeplasslys.","og_url":"https:\/\/mberg-worklight.comnb\/","og_site_name":"MBerg\u00ae-worklight (TSR | ELSITE)","article_publisher":"https:\/\/www.facebook.com\/elsitemberg\/","article_modified_time":"2021-09-13T07:28:25+00:00","og_image":[{"width":579,"height":579,"url":"https:\/\/mberg-worklight.com\/wp-content\/uploads\/2016\/09\/mberg-worklight-sharepic.jpg","type":"image\/jpeg"}],"twitter_card":"summary_large_image","schema":{"@context":"https:\/\/schema.org","@graph":[{"@type":"WebPage","@id":"https:\/\/mberg-worklight.comnb\/","url":"https:\/\/mberg-worklight.comnb\/","name":"MBerg-byggeplassbelysning \u2013 de beste lysene for byggeplassen din","isPartOf":{"@id":"https:\/\/mberg-worklight.com\/#website"},"primaryImageOfPage":{"@id":"https:\/\/mberg-worklight.comnb\/#primaryimage"},"image":{"@id":"https:\/\/mberg-worklight.comnb\/#primaryimage"},"thumbnailUrl":"https:\/\/mberg-worklight.com\/wp-content\/uploads\/2016\/09\/2016-09-29-PHOTO-00000277.jpg","datePublished":"2016-09-26T10:52:34+00:00","dateModified":"2021-09-13T07:28:25+00:00","description":"V\u00e5r h\u00f8ykvalitets byggeplassbelysning er slitesterk, vedlikeholdsfri, st\u00f8tsikker og enkel \u00e5 montere. Finn ut mer om MBergs byggeplasslys.","breadcrumb":{"@id":"https:\/\/mberg-worklight.comnb\/#breadcrumb"},"inLanguage":"nb-NO","potentialAction":[{"@type":"ReadAction","target":["https:\/\/mberg-worklight.comnb\/"]}]},{"@type":"ImageObject","inLanguage":"nb-NO","@id":"https:\/\/mberg-worklight.comnb\/#primaryimage","url":"https:\/\/mberg-worklight.com\/wp-content\/uploads\/2016\/09\/2016-09-29-PHOTO-00000277.jpg","contentUrl":"https:\/\/mberg-worklight.com\/wp-content\/uploads\/2016\/09\/2016-09-29-PHOTO-00000277.jpg","width":1600,"height":1066,"caption":"MBerg-byggeplassbelysning"},{"@type":"BreadcrumbList","@id":"https:\/\/mberg-worklight.comnb\/#breadcrumb","itemListElement":[{"@type":"ListItem","position":1,"name":"Etusivu","item":"https:\/\/mberg-worklight.comnb\/"},{"@type":"ListItem","position":2,"name":"MBergs byggeplasslys"}]},{"@type":"WebSite","@id":"https:\/\/mberg-worklight.com\/#website","url":"https:\/\/mberg-worklight.com\/","name":"MBerg\u00ae-worklight (TSR | ELSITE)","description":"","potentialAction":[{"@type":"SearchAction","target":{"@type":"EntryPoint","urlTemplate":"https:\/\/mberg-worklight.com\/?s={search_term_string}"},"query-input":{"@type":"PropertyValueSpecification","valueRequired":true,"valueName":"search_term_string"}}],"inLanguage":"nb-NO"}]}},"_links":{"self":[{"href":"https:\/\/mberg-worklight.com\/nb\/wp-json\/wp\/v2\/pages\/937","targetHints":{"allow":["GET"]}}],"collection":[{"href":"https:\/\/mberg-worklight.com\/nb\/wp-json\/wp\/v2\/pages"}],"about":[{"href":"https:\/\/mberg-worklight.com\/nb\/wp-json\/wp\/v2\/types\/page"}],"author":[{"embeddable":true,"href":"https:\/\/mberg-worklight.com\/nb\/wp-json\/wp\/v2\/users\/3"}],"replies":[{"embeddable":true,"href":"https:\/\/mberg-worklight.com\/nb\/wp-json\/wp\/v2\/comments?post=937"}],"version-history":[{"count":25,"href":"https:\/\/mberg-worklight.com\/nb\/wp-json\/wp\/v2\/pages\/937\/revisions"}],"predecessor-version":[{"id":3086,"href":"https:\/\/mberg-worklight.com\/nb\/wp-json\/wp\/v2\/pages\/937\/revisions\/3086"}],"wp:featuredmedia":[{"embeddable":true,"href":"https:\/\/mberg-worklight.com\/nb\/wp-json\/wp\/v2\/media\/991"}],"wp:attachment":[{"href":"https:\/\/mberg-worklight.com\/nb\/wp-json\/wp\/v2\/media?parent=937"}],"curies":[{"name":"wp","href":"https:\/\/api.w.org\/{rel}","templated":true}]}}