{"id":905,"date":"2017-03-01T12:41:44","date_gmt":"2017-03-01T10:41:44","guid":{"rendered":"https:\/\/mberg-worklight.muikku.web-veistamo.fi?page_id=905\/"},"modified":"2017-10-16T14:45:36","modified_gmt":"2017-10-16T11:45:36","slug":"bestilling","status":"publish","type":"page","link":"https:\/\/mberg-worklight.com\/nb\/bestilling\/","title":{"rendered":"Bestilling"},"content":{"rendered":"<div class=\"wpb-content-wrapper\"><p>[vc_row][vc_column width=&raquo;1\/2&#8243; offset=&raquo;vc_hidden-xs&raquo;][vc_single_image image=&raquo;229&#8243; img_size=&raquo;large&raquo;][\/vc_column][vc_column width=&raquo;1\/2&#8243;][vc_column_text]<\/p>\n<p class=\"lead\">Oppgi kontaktinformasjonen din, s\u00e5 skal vi ta kontakt og avtale levering av lys \u00e5 pr\u00f8ve.<\/p>\n<div class=\"wpcf7 no-js\" id=\"wpcf7-f908-o1\" lang=\"en-US\" dir=\"ltr\" data-wpcf7-id=\"908\">\n<div class=\"screen-reader-response\"><p role=\"status\" aria-live=\"polite\" aria-atomic=\"true\"><\/p> <ul><\/ul><\/div>\n<form action=\"\/nb\/wp-json\/wp\/v2\/pages\/905#wpcf7-f908-o1\" method=\"post\" class=\"wpcf7-form init\" aria-label=\"Contact form\" novalidate=\"novalidate\" data-status=\"init\">\n<fieldset class=\"hidden-fields-container\"><input type=\"hidden\" name=\"_wpcf7\" value=\"908\" \/><input type=\"hidden\" name=\"_wpcf7_version\" value=\"6.1.1\" \/><input type=\"hidden\" name=\"_wpcf7_locale\" value=\"en_US\" \/><input type=\"hidden\" name=\"_wpcf7_unit_tag\" value=\"wpcf7-f908-o1\" \/><input type=\"hidden\" name=\"_wpcf7_container_post\" value=\"0\" \/><input type=\"hidden\" name=\"_wpcf7_posted_data_hash\" value=\"\" \/><input type=\"hidden\" name=\"_wpcf7_recaptcha_response\" value=\"\" \/>\n<\/fieldset>\n<div class=\"clearfix\">\n\t<p><br \/>\n<span class=\"wpcf7-form-control-wrap\" data-name=\"yritys\"><input size=\"40\" maxlength=\"400\" class=\"wpcf7-form-control wpcf7-text wpcf7-validates-as-required\" aria-required=\"true\" aria-invalid=\"false\" placeholder=\"Company\" value=\"\" type=\"text\" name=\"yritys\" \/><\/span>\n\t<\/p>\n\t<p><br \/>\n<span class=\"wpcf7-form-control-wrap\" data-name=\"email\"><input size=\"40\" maxlength=\"400\" class=\"wpcf7-form-control wpcf7-email wpcf7-validates-as-required wpcf7-text wpcf7-validates-as-email\" aria-required=\"true\" aria-invalid=\"false\" placeholder=\"example@company.com\" value=\"\" type=\"email\" name=\"email\" \/><\/span>\n\t<\/p>\n\t<p><br \/>\n<span class=\"wpcf7-form-control-wrap\" data-name=\"phone\"><input size=\"40\" maxlength=\"400\" class=\"wpcf7-form-control wpcf7-tel wpcf7-validates-as-required wpcf7-text wpcf7-validates-as-tel\" aria-required=\"true\" aria-invalid=\"false\" placeholder=\"+471234567\" value=\"\" type=\"tel\" name=\"phone\" \/><\/span>\n\t<\/p>\n\t<p><br \/>\n<span class=\"wpcf7-form-control-wrap\" data-name=\"maara\"><span class=\"wpcf7-form-control wpcf7-radio\"><span class=\"wpcf7-list-item first\"><label><input type=\"radio\" name=\"maara\" value=\"Jeg \u00f8nsker \u00e5 bestille ett lys \u00e5 pr\u00f8ve\" checked=\"checked\" \/><span class=\"wpcf7-list-item-label\">Jeg \u00f8nsker \u00e5 bestille ett lys \u00e5 pr\u00f8ve<\/span><\/label><\/span><span class=\"wpcf7-list-item last\"><label><input type=\"radio\" name=\"maara\" value=\"Jeg \u00f8nsker \u00e5 bestille et st\u00f8rre parti\" \/><span class=\"wpcf7-list-item-label\">Jeg \u00f8nsker \u00e5 bestille et st\u00f8rre parti<\/span><\/label><\/span><\/span><\/span>\n\t<\/p>\n\t<p><br \/>\n<input class=\"wpcf7-form-control wpcf7-submit has-spinner\" type=\"submit\" value=\"Bestill\" \/>\n\t<\/p>\n<\/div><div class=\"wpcf7-response-output\" aria-hidden=\"true\"><\/div>\n<\/form>\n<\/div>\n[\/vc_column_text][\/vc_column][\/vc_row]<\/p>\n<\/div>","protected":false},"excerpt":{"rendered":"[vc_row][vc_column width=&raquo;1\/2&#8243; offset=&raquo;vc_hidden-xs&raquo;][vc_single_image image=&raquo;229&#8243; img_size=&raquo;large&raquo;][\/vc_column][vc_column width=&raquo;1\/2&#8243;][vc_column_text] Oppgi kontaktinformasjonen din, s\u00e5 skal vi ta kontakt og avtale levering av lys \u00e5 pr\u00f8ve. [\/vc_column_text][\/vc_column][\/vc_row]","protected":false},"author":7,"featured_media":1021,"parent":0,"menu_order":999,"comment_status":"closed","ping_status":"closed","template":"page-matala.php","meta":{"_acf_changed":false,"footnotes":""},"class_list":["post-905","page","type-page","status-publish","has-post-thumbnail","hentry"],"acf":[],"yoast_head":"<!-- This site is optimized with the Yoast SEO plugin v27.4 - https:\/\/yoast.com\/product\/yoast-seo-wordpress\/ -->\n<title>Bestilling - MBerg\u00ae-worklight (TSR | ELSITE)<\/title>\n<meta name=\"robots\" content=\"index, follow, max-snippet:-1, max-image-preview:large, max-video-preview:-1\" \/>\n<link rel=\"canonical\" href=\"https:\/\/mberg-worklight.comnb\/bestilling\/\" \/>\n<meta property=\"og:locale\" content=\"nb_NO\" \/>\n<meta property=\"og:type\" content=\"article\" \/>\n<meta property=\"og:title\" content=\"Bestilling - MBerg\u00ae-worklight (TSR | ELSITE)\" \/>\n<meta property=\"og:description\" content=\"[vc_row][vc_column width=&raquo;1\/2&#8243; offset=&raquo;vc_hidden-xs&raquo;][vc_single_image image=&raquo;229&#8243; img_size=&raquo;large&raquo;][\/vc_column][vc_column width=&raquo;1\/2&#8243;][vc_column_text] Oppgi kontaktinformasjonen din, s\u00e5 skal vi ta kontakt og avtale levering av lys \u00e5 pr\u00f8ve. [\/vc_column_text][\/vc_column][\/vc_row]\" \/>\n<meta property=\"og:url\" content=\"https:\/\/mberg-worklight.comnb\/bestilling\/\" \/>\n<meta property=\"og:site_name\" content=\"MBerg\u00ae-worklight (TSR | ELSITE)\" \/>\n<meta property=\"article:publisher\" content=\"https:\/\/www.facebook.com\/elsitemberg\/\" \/>\n<meta property=\"article:modified_time\" content=\"2017-10-16T11:45:36+00:00\" \/>\n<meta property=\"og:image\" content=\"https:\/\/mberg-worklight.com\/wp-content\/uploads\/2016\/10\/Vaihtoehto_1.jpg\" \/>\n\t<meta property=\"og:image:width\" content=\"2000\" \/>\n\t<meta property=\"og:image:height\" content=\"1333\" \/>\n\t<meta property=\"og:image:type\" content=\"image\/jpeg\" \/>\n<meta name=\"twitter:card\" content=\"summary_large_image\" \/>\n<script type=\"application\/ld+json\" class=\"yoast-schema-graph\">{\"@context\":\"https:\\\/\\\/schema.org\",\"@graph\":[{\"@type\":\"WebPage\",\"@id\":\"https:\\\/\\\/mberg-worklight.comnb\\\/bestilling\\\/\",\"url\":\"https:\\\/\\\/mberg-worklight.comnb\\\/bestilling\\\/\",\"name\":\"Bestilling - MBerg\u00ae-worklight (TSR | ELSITE)\",\"isPartOf\":{\"@id\":\"https:\\\/\\\/mberg-worklight.com\\\/#website\"},\"primaryImageOfPage\":{\"@id\":\"https:\\\/\\\/mberg-worklight.comnb\\\/bestilling\\\/#primaryimage\"},\"image\":{\"@id\":\"https:\\\/\\\/mberg-worklight.comnb\\\/bestilling\\\/#primaryimage\"},\"thumbnailUrl\":\"https:\\\/\\\/mberg-worklight.com\\\/wp-content\\\/uploads\\\/2016\\\/10\\\/Vaihtoehto_1.jpg\",\"datePublished\":\"2017-03-01T10:41:44+00:00\",\"dateModified\":\"2017-10-16T11:45:36+00:00\",\"breadcrumb\":{\"@id\":\"https:\\\/\\\/mberg-worklight.comnb\\\/bestilling\\\/#breadcrumb\"},\"inLanguage\":\"nb-NO\",\"potentialAction\":[{\"@type\":\"ReadAction\",\"target\":[\"https:\\\/\\\/mberg-worklight.comnb\\\/bestilling\\\/\"]}]},{\"@type\":\"ImageObject\",\"inLanguage\":\"nb-NO\",\"@id\":\"https:\\\/\\\/mberg-worklight.comnb\\\/bestilling\\\/#primaryimage\",\"url\":\"https:\\\/\\\/mberg-worklight.com\\\/wp-content\\\/uploads\\\/2016\\\/10\\\/Vaihtoehto_1.jpg\",\"contentUrl\":\"https:\\\/\\\/mberg-worklight.com\\\/wp-content\\\/uploads\\\/2016\\\/10\\\/Vaihtoehto_1.jpg\",\"width\":2000,\"height\":1333},{\"@type\":\"BreadcrumbList\",\"@id\":\"https:\\\/\\\/mberg-worklight.comnb\\\/bestilling\\\/#breadcrumb\",\"itemListElement\":[{\"@type\":\"ListItem\",\"position\":1,\"name\":\"Etusivu\",\"item\":\"https:\\\/\\\/mberg-worklight.comnb\\\/\"},{\"@type\":\"ListItem\",\"position\":2,\"name\":\"Bestilling\"}]},{\"@type\":\"WebSite\",\"@id\":\"https:\\\/\\\/mberg-worklight.com\\\/#website\",\"url\":\"https:\\\/\\\/mberg-worklight.com\\\/\",\"name\":\"MBerg\u00ae-worklight (TSR | ELSITE)\",\"description\":\"\",\"potentialAction\":[{\"@type\":\"SearchAction\",\"target\":{\"@type\":\"EntryPoint\",\"urlTemplate\":\"https:\\\/\\\/mberg-worklight.com\\\/?s={search_term_string}\"},\"query-input\":{\"@type\":\"PropertyValueSpecification\",\"valueRequired\":true,\"valueName\":\"search_term_string\"}}],\"inLanguage\":\"nb-NO\"}]}<\/script>\n<!-- \/ Yoast SEO plugin. -->","yoast_head_json":{"title":"Bestilling - MBerg\u00ae-worklight (TSR | ELSITE)","robots":{"index":"index","follow":"follow","max-snippet":"max-snippet:-1","max-image-preview":"max-image-preview:large","max-video-preview":"max-video-preview:-1"},"canonical":"https:\/\/mberg-worklight.comnb\/bestilling\/","og_locale":"nb_NO","og_type":"article","og_title":"Bestilling - MBerg\u00ae-worklight (TSR | ELSITE)","og_description":"[vc_row][vc_column width=&raquo;1\/2&#8243; offset=&raquo;vc_hidden-xs&raquo;][vc_single_image image=&raquo;229&#8243; img_size=&raquo;large&raquo;][\/vc_column][vc_column width=&raquo;1\/2&#8243;][vc_column_text] Oppgi kontaktinformasjonen din, s\u00e5 skal vi ta kontakt og avtale levering av lys \u00e5 pr\u00f8ve. [\/vc_column_text][\/vc_column][\/vc_row]","og_url":"https:\/\/mberg-worklight.comnb\/bestilling\/","og_site_name":"MBerg\u00ae-worklight (TSR | ELSITE)","article_publisher":"https:\/\/www.facebook.com\/elsitemberg\/","article_modified_time":"2017-10-16T11:45:36+00:00","og_image":[{"width":2000,"height":1333,"url":"https:\/\/mberg-worklight.com\/wp-content\/uploads\/2016\/10\/Vaihtoehto_1.jpg","type":"image\/jpeg"}],"twitter_card":"summary_large_image","schema":{"@context":"https:\/\/schema.org","@graph":[{"@type":"WebPage","@id":"https:\/\/mberg-worklight.comnb\/bestilling\/","url":"https:\/\/mberg-worklight.comnb\/bestilling\/","name":"Bestilling - MBerg\u00ae-worklight (TSR | ELSITE)","isPartOf":{"@id":"https:\/\/mberg-worklight.com\/#website"},"primaryImageOfPage":{"@id":"https:\/\/mberg-worklight.comnb\/bestilling\/#primaryimage"},"image":{"@id":"https:\/\/mberg-worklight.comnb\/bestilling\/#primaryimage"},"thumbnailUrl":"https:\/\/mberg-worklight.com\/wp-content\/uploads\/2016\/10\/Vaihtoehto_1.jpg","datePublished":"2017-03-01T10:41:44+00:00","dateModified":"2017-10-16T11:45:36+00:00","breadcrumb":{"@id":"https:\/\/mberg-worklight.comnb\/bestilling\/#breadcrumb"},"inLanguage":"nb-NO","potentialAction":[{"@type":"ReadAction","target":["https:\/\/mberg-worklight.comnb\/bestilling\/"]}]},{"@type":"ImageObject","inLanguage":"nb-NO","@id":"https:\/\/mberg-worklight.comnb\/bestilling\/#primaryimage","url":"https:\/\/mberg-worklight.com\/wp-content\/uploads\/2016\/10\/Vaihtoehto_1.jpg","contentUrl":"https:\/\/mberg-worklight.com\/wp-content\/uploads\/2016\/10\/Vaihtoehto_1.jpg","width":2000,"height":1333},{"@type":"BreadcrumbList","@id":"https:\/\/mberg-worklight.comnb\/bestilling\/#breadcrumb","itemListElement":[{"@type":"ListItem","position":1,"name":"Etusivu","item":"https:\/\/mberg-worklight.comnb\/"},{"@type":"ListItem","position":2,"name":"Bestilling"}]},{"@type":"WebSite","@id":"https:\/\/mberg-worklight.com\/#website","url":"https:\/\/mberg-worklight.com\/","name":"MBerg\u00ae-worklight (TSR | ELSITE)","description":"","potentialAction":[{"@type":"SearchAction","target":{"@type":"EntryPoint","urlTemplate":"https:\/\/mberg-worklight.com\/?s={search_term_string}"},"query-input":{"@type":"PropertyValueSpecification","valueRequired":true,"valueName":"search_term_string"}}],"inLanguage":"nb-NO"}]}},"_links":{"self":[{"href":"https:\/\/mberg-worklight.com\/nb\/wp-json\/wp\/v2\/pages\/905","targetHints":{"allow":["GET"]}}],"collection":[{"href":"https:\/\/mberg-worklight.com\/nb\/wp-json\/wp\/v2\/pages"}],"about":[{"href":"https:\/\/mberg-worklight.com\/nb\/wp-json\/wp\/v2\/types\/page"}],"author":[{"embeddable":true,"href":"https:\/\/mberg-worklight.com\/nb\/wp-json\/wp\/v2\/users\/7"}],"replies":[{"embeddable":true,"href":"https:\/\/mberg-worklight.com\/nb\/wp-json\/wp\/v2\/comments?post=905"}],"version-history":[{"count":3,"href":"https:\/\/mberg-worklight.com\/nb\/wp-json\/wp\/v2\/pages\/905\/revisions"}],"predecessor-version":[{"id":909,"href":"https:\/\/mberg-worklight.com\/nb\/wp-json\/wp\/v2\/pages\/905\/revisions\/909"}],"wp:featuredmedia":[{"embeddable":true,"href":"https:\/\/mberg-worklight.com\/nb\/wp-json\/wp\/v2\/media\/1021"}],"wp:attachment":[{"href":"https:\/\/mberg-worklight.com\/nb\/wp-json\/wp\/v2\/media?parent=905"}],"curies":[{"name":"wp","href":"https:\/\/api.w.org\/{rel}","templated":true}]}}