{"id":257,"date":"2016-09-30T12:11:50","date_gmt":"2016-09-30T09:11:50","guid":{"rendered":"https:\/\/mberg-worklight.muikku.web-veistamo.fifr\/tilaa\/"},"modified":"2016-11-11T13:49:02","modified_gmt":"2016-11-11T11:49:02","slug":"commandez","status":"publish","type":"page","link":"https:\/\/mberg-worklight.com\/fr\/commandez\/","title":{"rendered":"Commandez"},"content":{"rendered":"<div class=\"wpb-content-wrapper\"><p>[vc_row][vc_column width=\u00a0\u00bb1\/2&Prime; offset=\u00a0\u00bbvc_hidden-xs\u00a0\u00bb][vc_single_image image=\u00a0\u00bb229&Prime; img_size=\u00a0\u00bblarge\u00a0\u00bb][\/vc_column][vc_column width=\u00a0\u00bb1\/2&Prime;][vc_column_text]Vous pouvez commander la lampe ici. Laissez-nous vos coordonn\u00e9es, nous vous contacterons pour convenir de l&rsquo;envoi de la lampe mod\u00e8le.<\/p>\n<div class=\"wpcf7 no-js\" id=\"wpcf7-f335-o1\" lang=\"en-US\" dir=\"ltr\" data-wpcf7-id=\"335\">\n<div class=\"screen-reader-response\"><p role=\"status\" aria-live=\"polite\" aria-atomic=\"true\"><\/p> <ul><\/ul><\/div>\n<form action=\"\/fr\/wp-json\/wp\/v2\/pages\/257#wpcf7-f335-o1\" method=\"post\" class=\"wpcf7-form init\" aria-label=\"Contact form\" novalidate=\"novalidate\" data-status=\"init\">\n<fieldset class=\"hidden-fields-container\"><input type=\"hidden\" name=\"_wpcf7\" value=\"335\" \/><input type=\"hidden\" name=\"_wpcf7_version\" value=\"6.1.1\" \/><input type=\"hidden\" name=\"_wpcf7_locale\" value=\"en_US\" \/><input type=\"hidden\" name=\"_wpcf7_unit_tag\" value=\"wpcf7-f335-o1\" \/><input type=\"hidden\" name=\"_wpcf7_container_post\" value=\"0\" \/><input type=\"hidden\" name=\"_wpcf7_posted_data_hash\" value=\"\" \/><input type=\"hidden\" name=\"_wpcf7_recaptcha_response\" value=\"\" \/>\n<\/fieldset>\n<div class=\"clearfix\">\n\t<p><br \/>\n<span class=\"wpcf7-form-control-wrap\" data-name=\"yritys\"><input size=\"40\" maxlength=\"400\" class=\"wpcf7-form-control wpcf7-text wpcf7-validates-as-required\" aria-required=\"true\" aria-invalid=\"false\" placeholder=\"ENTREPRISE\" value=\"\" type=\"text\" name=\"yritys\" \/><\/span>\n\t<\/p>\n\t<p><br \/>\n<span class=\"wpcf7-form-control-wrap\" data-name=\"email\"><input size=\"40\" maxlength=\"400\" class=\"wpcf7-form-control wpcf7-email wpcf7-validates-as-required wpcf7-text wpcf7-validates-as-email\" aria-required=\"true\" aria-invalid=\"false\" placeholder=\"EXEMPLE@ENTREPRISE.FR\" value=\"\" type=\"email\" name=\"email\" \/><\/span>\n\t<\/p>\n\t<p><br \/>\n<span class=\"wpcf7-form-control-wrap\" data-name=\"phone\"><input size=\"40\" maxlength=\"400\" class=\"wpcf7-form-control wpcf7-tel wpcf7-validates-as-required wpcf7-text wpcf7-validates-as-tel\" aria-required=\"true\" aria-invalid=\"false\" placeholder=\"+331234567\" value=\"\" type=\"tel\" name=\"phone\" \/><\/span>\n\t<\/p>\n\t<p><br \/>\n<span class=\"wpcf7-form-control-wrap\" data-name=\"maara\"><span class=\"wpcf7-form-control wpcf7-radio\"><span class=\"wpcf7-list-item first\"><label><input type=\"radio\" name=\"maara\" value=\"Je commande une lampe mod\u00e8le\" checked=\"checked\" \/><span class=\"wpcf7-list-item-label\">Je commande une lampe mod\u00e8le<\/span><\/label><\/span><span class=\"wpcf7-list-item last\"><label><input type=\"radio\" name=\"maara\" value=\"Je commande un lot plus important\" \/><span class=\"wpcf7-list-item-label\">Je commande un lot plus important<\/span><\/label><\/span><\/span><\/span>\n\t<\/p>\n\t<p><br \/>\n<input class=\"wpcf7-form-control wpcf7-submit has-spinner\" type=\"submit\" value=\"Commandez\" \/>\n\t<\/p>\n<\/div><div class=\"wpcf7-response-output\" aria-hidden=\"true\"><\/div>\n<\/form>\n<\/div>\n[\/vc_column_text][\/vc_column][\/vc_row]<\/p>\n<\/div>","protected":false},"excerpt":{"rendered":"[vc_row][vc_column width=\u00a0\u00bb1\/2&Prime; offset=\u00a0\u00bbvc_hidden-xs\u00a0\u00bb][vc_single_image image=\u00a0\u00bb229&Prime; img_size=\u00a0\u00bblarge\u00a0\u00bb][\/vc_column][vc_column width=\u00a0\u00bb1\/2&Prime;][vc_column_text]Vous pouvez commander la lampe ici. Laissez-nous vos coordonn\u00e9es, nous vous contacterons pour convenir de l&rsquo;envoi de la lampe mod\u00e8le. [\/vc_column_text][\/vc_column][\/vc_row]","protected":false},"author":3,"featured_media":592,"parent":0,"menu_order":999,"comment_status":"closed","ping_status":"closed","template":"page-matala.php","meta":{"_acf_changed":false,"footnotes":""},"class_list":["post-257","page","type-page","status-publish","has-post-thumbnail","hentry"],"acf":[],"yoast_head":"<!-- This site is optimized with the Yoast SEO plugin v27.4 - https:\/\/yoast.com\/product\/yoast-seo-wordpress\/ -->\n<title>Commander - Lampes MBerg - La meilleure lumi\u00e8re pour votre chantier<\/title>\n<meta name=\"description\" content=\"Notre lampes de chantier de haute gamme sont r\u00e9sistantes, faciles \u00e0 installer et ne demandent aucun entretien. Vous pouvez commander votre lampe mod\u00e8le ici.\" \/>\n<meta name=\"robots\" content=\"index, follow, max-snippet:-1, max-image-preview:large, max-video-preview:-1\" \/>\n<link rel=\"canonical\" href=\"https:\/\/mberg-worklight.comfr\/commandez\/\" \/>\n<meta property=\"og:locale\" content=\"fr_FR\" \/>\n<meta property=\"og:type\" content=\"article\" \/>\n<meta property=\"og:title\" content=\"Commander - Lampes MBerg - La meilleure lumi\u00e8re pour votre chantier\" \/>\n<meta property=\"og:description\" content=\"Notre lampes de chantier de haute gamme sont r\u00e9sistantes, faciles \u00e0 installer et ne demandent aucun entretien. Vous pouvez commander votre lampe mod\u00e8le ici.\" \/>\n<meta property=\"og:url\" content=\"https:\/\/mberg-worklight.comfr\/commandez\/\" \/>\n<meta property=\"og:site_name\" content=\"MBerg\u00ae-worklight (TSR | ELSITE)\" \/>\n<meta property=\"article:publisher\" content=\"https:\/\/www.facebook.com\/elsitemberg\/\" \/>\n<meta property=\"article:modified_time\" content=\"2016-11-11T11:49:02+00:00\" \/>\n<meta property=\"og:image\" content=\"https:\/\/mberg-worklight.com\/wp-content\/uploads\/2016\/10\/Vaihtoehto_1.jpg\" \/>\n\t<meta property=\"og:image:width\" content=\"2000\" \/>\n\t<meta property=\"og:image:height\" content=\"1333\" \/>\n\t<meta property=\"og:image:type\" content=\"image\/jpeg\" \/>\n<meta name=\"twitter:card\" content=\"summary_large_image\" \/>\n<script type=\"application\/ld+json\" class=\"yoast-schema-graph\">{\"@context\":\"https:\\\/\\\/schema.org\",\"@graph\":[{\"@type\":\"WebPage\",\"@id\":\"https:\\\/\\\/mberg-worklight.comfr\\\/commandez\\\/\",\"url\":\"https:\\\/\\\/mberg-worklight.comfr\\\/commandez\\\/\",\"name\":\"Commander - Lampes MBerg - La meilleure lumi\u00e8re pour votre chantier\",\"isPartOf\":{\"@id\":\"https:\\\/\\\/mberg-worklight.com\\\/#website\"},\"primaryImageOfPage\":{\"@id\":\"https:\\\/\\\/mberg-worklight.comfr\\\/commandez\\\/#primaryimage\"},\"image\":{\"@id\":\"https:\\\/\\\/mberg-worklight.comfr\\\/commandez\\\/#primaryimage\"},\"thumbnailUrl\":\"https:\\\/\\\/mberg-worklight.com\\\/wp-content\\\/uploads\\\/2016\\\/10\\\/Vaihtoehto_1.jpg\",\"datePublished\":\"2016-09-30T09:11:50+00:00\",\"dateModified\":\"2016-11-11T11:49:02+00:00\",\"description\":\"Notre lampes de chantier de haute gamme sont r\u00e9sistantes, faciles \u00e0 installer et ne demandent aucun entretien. Vous pouvez commander votre lampe mod\u00e8le ici.\",\"breadcrumb\":{\"@id\":\"https:\\\/\\\/mberg-worklight.comfr\\\/commandez\\\/#breadcrumb\"},\"inLanguage\":\"fr-FR\",\"potentialAction\":[{\"@type\":\"ReadAction\",\"target\":[\"https:\\\/\\\/mberg-worklight.comfr\\\/commandez\\\/\"]}]},{\"@type\":\"ImageObject\",\"inLanguage\":\"fr-FR\",\"@id\":\"https:\\\/\\\/mberg-worklight.comfr\\\/commandez\\\/#primaryimage\",\"url\":\"https:\\\/\\\/mberg-worklight.com\\\/wp-content\\\/uploads\\\/2016\\\/10\\\/Vaihtoehto_1.jpg\",\"contentUrl\":\"https:\\\/\\\/mberg-worklight.com\\\/wp-content\\\/uploads\\\/2016\\\/10\\\/Vaihtoehto_1.jpg\",\"width\":2000,\"height\":1333},{\"@type\":\"BreadcrumbList\",\"@id\":\"https:\\\/\\\/mberg-worklight.comfr\\\/commandez\\\/#breadcrumb\",\"itemListElement\":[{\"@type\":\"ListItem\",\"position\":1,\"name\":\"Etusivu\",\"item\":\"https:\\\/\\\/mberg-worklight.comfr\\\/\"},{\"@type\":\"ListItem\",\"position\":2,\"name\":\"Commandez\"}]},{\"@type\":\"WebSite\",\"@id\":\"https:\\\/\\\/mberg-worklight.com\\\/#website\",\"url\":\"https:\\\/\\\/mberg-worklight.com\\\/\",\"name\":\"MBerg\u00ae-worklight (TSR | ELSITE)\",\"description\":\"\",\"potentialAction\":[{\"@type\":\"SearchAction\",\"target\":{\"@type\":\"EntryPoint\",\"urlTemplate\":\"https:\\\/\\\/mberg-worklight.com\\\/?s={search_term_string}\"},\"query-input\":{\"@type\":\"PropertyValueSpecification\",\"valueRequired\":true,\"valueName\":\"search_term_string\"}}],\"inLanguage\":\"fr-FR\"}]}<\/script>\n<!-- \/ Yoast SEO plugin. -->","yoast_head_json":{"title":"Commander - Lampes MBerg - La meilleure lumi\u00e8re pour votre chantier","description":"Notre lampes de chantier de haute gamme sont r\u00e9sistantes, faciles \u00e0 installer et ne demandent aucun entretien. Vous pouvez commander votre lampe mod\u00e8le ici.","robots":{"index":"index","follow":"follow","max-snippet":"max-snippet:-1","max-image-preview":"max-image-preview:large","max-video-preview":"max-video-preview:-1"},"canonical":"https:\/\/mberg-worklight.comfr\/commandez\/","og_locale":"fr_FR","og_type":"article","og_title":"Commander - Lampes MBerg - La meilleure lumi\u00e8re pour votre chantier","og_description":"Notre lampes de chantier de haute gamme sont r\u00e9sistantes, faciles \u00e0 installer et ne demandent aucun entretien. Vous pouvez commander votre lampe mod\u00e8le ici.","og_url":"https:\/\/mberg-worklight.comfr\/commandez\/","og_site_name":"MBerg\u00ae-worklight (TSR | ELSITE)","article_publisher":"https:\/\/www.facebook.com\/elsitemberg\/","article_modified_time":"2016-11-11T11:49:02+00:00","og_image":[{"width":2000,"height":1333,"url":"https:\/\/mberg-worklight.com\/wp-content\/uploads\/2016\/10\/Vaihtoehto_1.jpg","type":"image\/jpeg"}],"twitter_card":"summary_large_image","schema":{"@context":"https:\/\/schema.org","@graph":[{"@type":"WebPage","@id":"https:\/\/mberg-worklight.comfr\/commandez\/","url":"https:\/\/mberg-worklight.comfr\/commandez\/","name":"Commander - Lampes MBerg - La meilleure lumi\u00e8re pour votre chantier","isPartOf":{"@id":"https:\/\/mberg-worklight.com\/#website"},"primaryImageOfPage":{"@id":"https:\/\/mberg-worklight.comfr\/commandez\/#primaryimage"},"image":{"@id":"https:\/\/mberg-worklight.comfr\/commandez\/#primaryimage"},"thumbnailUrl":"https:\/\/mberg-worklight.com\/wp-content\/uploads\/2016\/10\/Vaihtoehto_1.jpg","datePublished":"2016-09-30T09:11:50+00:00","dateModified":"2016-11-11T11:49:02+00:00","description":"Notre lampes de chantier de haute gamme sont r\u00e9sistantes, faciles \u00e0 installer et ne demandent aucun entretien. Vous pouvez commander votre lampe mod\u00e8le ici.","breadcrumb":{"@id":"https:\/\/mberg-worklight.comfr\/commandez\/#breadcrumb"},"inLanguage":"fr-FR","potentialAction":[{"@type":"ReadAction","target":["https:\/\/mberg-worklight.comfr\/commandez\/"]}]},{"@type":"ImageObject","inLanguage":"fr-FR","@id":"https:\/\/mberg-worklight.comfr\/commandez\/#primaryimage","url":"https:\/\/mberg-worklight.com\/wp-content\/uploads\/2016\/10\/Vaihtoehto_1.jpg","contentUrl":"https:\/\/mberg-worklight.com\/wp-content\/uploads\/2016\/10\/Vaihtoehto_1.jpg","width":2000,"height":1333},{"@type":"BreadcrumbList","@id":"https:\/\/mberg-worklight.comfr\/commandez\/#breadcrumb","itemListElement":[{"@type":"ListItem","position":1,"name":"Etusivu","item":"https:\/\/mberg-worklight.comfr\/"},{"@type":"ListItem","position":2,"name":"Commandez"}]},{"@type":"WebSite","@id":"https:\/\/mberg-worklight.com\/#website","url":"https:\/\/mberg-worklight.com\/","name":"MBerg\u00ae-worklight (TSR | ELSITE)","description":"","potentialAction":[{"@type":"SearchAction","target":{"@type":"EntryPoint","urlTemplate":"https:\/\/mberg-worklight.com\/?s={search_term_string}"},"query-input":{"@type":"PropertyValueSpecification","valueRequired":true,"valueName":"search_term_string"}}],"inLanguage":"fr-FR"}]}},"_links":{"self":[{"href":"https:\/\/mberg-worklight.com\/fr\/wp-json\/wp\/v2\/pages\/257","targetHints":{"allow":["GET"]}}],"collection":[{"href":"https:\/\/mberg-worklight.com\/fr\/wp-json\/wp\/v2\/pages"}],"about":[{"href":"https:\/\/mberg-worklight.com\/fr\/wp-json\/wp\/v2\/types\/page"}],"author":[{"embeddable":true,"href":"https:\/\/mberg-worklight.com\/fr\/wp-json\/wp\/v2\/users\/3"}],"replies":[{"embeddable":true,"href":"https:\/\/mberg-worklight.com\/fr\/wp-json\/wp\/v2\/comments?post=257"}],"version-history":[{"count":6,"href":"https:\/\/mberg-worklight.com\/fr\/wp-json\/wp\/v2\/pages\/257\/revisions"}],"predecessor-version":[{"id":367,"href":"https:\/\/mberg-worklight.com\/fr\/wp-json\/wp\/v2\/pages\/257\/revisions\/367"}],"wp:featuredmedia":[{"embeddable":true,"href":"https:\/\/mberg-worklight.com\/fr\/wp-json\/wp\/v2\/media\/592"}],"wp:attachment":[{"href":"https:\/\/mberg-worklight.com\/fr\/wp-json\/wp\/v2\/media?parent=257"}],"curies":[{"name":"wp","href":"https:\/\/api.w.org\/{rel}","templated":true}]}}