{"id":5,"date":"2016-09-26T10:52:34","date_gmt":"2016-09-26T10:52:34","guid":{"rendered":"http:\/\/mberg.beta.web-veistamo.fi\/?page_id=5"},"modified":"2021-09-13T10:26:46","modified_gmt":"2021-09-13T07:26:46","slug":"mberg-tyoemaavalaisimet-paras-valo-tyoemaalle","status":"publish","type":"page","link":"https:\/\/mberg-worklight.com\/fi\/","title":{"rendered":"MBerg\u00ae-ty\u00f6maavalaisimet &#8211; Paras valaistus ty\u00f6maalle"},"content":{"rendered":"","protected":false},"excerpt":{"rendered":"","protected":false},"author":3,"featured_media":74,"parent":0,"menu_order":0,"comment_status":"closed","ping_status":"closed","template":"","meta":{"_acf_changed":false,"footnotes":""},"class_list":["post-5","page","type-page","status-publish","has-post-thumbnail","hentry"],"acf":[],"yoast_head":"<!-- This site is optimized with the Yoast SEO plugin v27.4 - https:\/\/yoast.com\/product\/yoast-seo-wordpress\/ -->\n<title>MBerg-ty\u00f6maavalaisimet - Paras valaistus ty\u00f6maalle<\/title>\n<meta name=\"description\" content=\"Tilaa iskunkest\u00e4v\u00e4t, huoltovapaat ja taatusti tehokkaat MBerg LED-valaisimet ty\u00f6maallesi. Selv\u00e4\u00e4 s\u00e4\u00e4st\u00f6\u00e4 k\u00e4ytt\u00f6-, huolto- ja energiakustannuksissa\" \/>\n<meta name=\"robots\" content=\"index, follow, max-snippet:-1, max-image-preview:large, max-video-preview:-1\" \/>\n<link rel=\"canonical\" href=\"https:\/\/mberg-worklight.comfi\/\" \/>\n<meta property=\"og:locale\" content=\"fi_FI\" \/>\n<meta property=\"og:type\" content=\"article\" \/>\n<meta property=\"og:title\" content=\"MBerg-ty\u00f6maavalaisimet - Paras valaistus ty\u00f6maalle\" \/>\n<meta property=\"og:description\" content=\"Tilaa iskunkest\u00e4v\u00e4t, huoltovapaat ja taatusti tehokkaat MBerg LED-valaisimet ty\u00f6maallesi. Selv\u00e4\u00e4 s\u00e4\u00e4st\u00f6\u00e4 k\u00e4ytt\u00f6-, huolto- ja energiakustannuksissa\" \/>\n<meta property=\"og:url\" content=\"https:\/\/mberg-worklight.comfi\/\" \/>\n<meta property=\"og:site_name\" content=\"MBerg\u00ae-worklight (TSR | ELSITE)\" \/>\n<meta property=\"article:publisher\" content=\"https:\/\/www.facebook.com\/elsitemberg\/\" \/>\n<meta property=\"article:modified_time\" content=\"2021-09-13T07:26:46+00:00\" \/>\n<meta property=\"og:image\" content=\"https:\/\/mberg-worklight.com\/wp-content\/uploads\/2016\/09\/mberg-worklight-sharepic.jpg\" \/>\n\t<meta property=\"og:image:width\" content=\"579\" \/>\n\t<meta property=\"og:image:height\" content=\"579\" \/>\n\t<meta property=\"og:image:type\" content=\"image\/jpeg\" \/>\n<meta name=\"twitter:card\" content=\"summary_large_image\" \/>\n<script type=\"application\/ld+json\" class=\"yoast-schema-graph\">{\"@context\":\"https:\\\/\\\/schema.org\",\"@graph\":[{\"@type\":\"WebPage\",\"@id\":\"https:\\\/\\\/mberg-worklight.comfi\\\/\",\"url\":\"https:\\\/\\\/mberg-worklight.comfi\\\/\",\"name\":\"MBerg-ty\u00f6maavalaisimet - Paras valaistus ty\u00f6maalle\",\"isPartOf\":{\"@id\":\"https:\\\/\\\/mberg-worklight.com\\\/#website\"},\"primaryImageOfPage\":{\"@id\":\"https:\\\/\\\/mberg-worklight.comfi\\\/#primaryimage\"},\"image\":{\"@id\":\"https:\\\/\\\/mberg-worklight.comfi\\\/#primaryimage\"},\"thumbnailUrl\":\"https:\\\/\\\/mberg-worklight.com\\\/wp-content\\\/uploads\\\/2016\\\/09\\\/2016-09-29-PHOTO-00000277.jpg\",\"datePublished\":\"2016-09-26T10:52:34+00:00\",\"dateModified\":\"2021-09-13T07:26:46+00:00\",\"description\":\"Tilaa iskunkest\u00e4v\u00e4t, huoltovapaat ja taatusti tehokkaat MBerg LED-valaisimet ty\u00f6maallesi. Selv\u00e4\u00e4 s\u00e4\u00e4st\u00f6\u00e4 k\u00e4ytt\u00f6-, huolto- ja energiakustannuksissa\",\"breadcrumb\":{\"@id\":\"https:\\\/\\\/mberg-worklight.comfi\\\/#breadcrumb\"},\"inLanguage\":\"fi\",\"potentialAction\":[{\"@type\":\"ReadAction\",\"target\":[\"https:\\\/\\\/mberg-worklight.comfi\\\/\"]}]},{\"@type\":\"ImageObject\",\"inLanguage\":\"fi\",\"@id\":\"https:\\\/\\\/mberg-worklight.comfi\\\/#primaryimage\",\"url\":\"https:\\\/\\\/mberg-worklight.com\\\/wp-content\\\/uploads\\\/2016\\\/09\\\/2016-09-29-PHOTO-00000277.jpg\",\"contentUrl\":\"https:\\\/\\\/mberg-worklight.com\\\/wp-content\\\/uploads\\\/2016\\\/09\\\/2016-09-29-PHOTO-00000277.jpg\",\"width\":1600,\"height\":1066,\"caption\":\"MBerg offers high-quality construction site lighting.\"},{\"@type\":\"BreadcrumbList\",\"@id\":\"https:\\\/\\\/mberg-worklight.comfi\\\/#breadcrumb\",\"itemListElement\":[{\"@type\":\"ListItem\",\"position\":1,\"name\":\"Etusivu\",\"item\":\"https:\\\/\\\/mberg-worklight.comfi\\\/\"},{\"@type\":\"ListItem\",\"position\":2,\"name\":\"MBerg\u00ae-ty\u00f6maavalaisimet &#8211; Paras valaistus ty\u00f6maalle\"}]},{\"@type\":\"WebSite\",\"@id\":\"https:\\\/\\\/mberg-worklight.com\\\/#website\",\"url\":\"https:\\\/\\\/mberg-worklight.com\\\/\",\"name\":\"MBerg\u00ae-worklight (TSR | ELSITE)\",\"description\":\"\",\"potentialAction\":[{\"@type\":\"SearchAction\",\"target\":{\"@type\":\"EntryPoint\",\"urlTemplate\":\"https:\\\/\\\/mberg-worklight.com\\\/?s={search_term_string}\"},\"query-input\":{\"@type\":\"PropertyValueSpecification\",\"valueRequired\":true,\"valueName\":\"search_term_string\"}}],\"inLanguage\":\"fi\"}]}<\/script>\n<!-- \/ Yoast SEO plugin. -->","yoast_head_json":{"title":"MBerg-ty\u00f6maavalaisimet - Paras valaistus ty\u00f6maalle","description":"Tilaa iskunkest\u00e4v\u00e4t, huoltovapaat ja taatusti tehokkaat MBerg LED-valaisimet ty\u00f6maallesi. Selv\u00e4\u00e4 s\u00e4\u00e4st\u00f6\u00e4 k\u00e4ytt\u00f6-, huolto- ja energiakustannuksissa","robots":{"index":"index","follow":"follow","max-snippet":"max-snippet:-1","max-image-preview":"max-image-preview:large","max-video-preview":"max-video-preview:-1"},"canonical":"https:\/\/mberg-worklight.comfi\/","og_locale":"fi_FI","og_type":"article","og_title":"MBerg-ty\u00f6maavalaisimet - Paras valaistus ty\u00f6maalle","og_description":"Tilaa iskunkest\u00e4v\u00e4t, huoltovapaat ja taatusti tehokkaat MBerg LED-valaisimet ty\u00f6maallesi. Selv\u00e4\u00e4 s\u00e4\u00e4st\u00f6\u00e4 k\u00e4ytt\u00f6-, huolto- ja energiakustannuksissa","og_url":"https:\/\/mberg-worklight.comfi\/","og_site_name":"MBerg\u00ae-worklight (TSR | ELSITE)","article_publisher":"https:\/\/www.facebook.com\/elsitemberg\/","article_modified_time":"2021-09-13T07:26:46+00:00","og_image":[{"width":579,"height":579,"url":"https:\/\/mberg-worklight.com\/wp-content\/uploads\/2016\/09\/mberg-worklight-sharepic.jpg","type":"image\/jpeg"}],"twitter_card":"summary_large_image","schema":{"@context":"https:\/\/schema.org","@graph":[{"@type":"WebPage","@id":"https:\/\/mberg-worklight.comfi\/","url":"https:\/\/mberg-worklight.comfi\/","name":"MBerg-ty\u00f6maavalaisimet - Paras valaistus ty\u00f6maalle","isPartOf":{"@id":"https:\/\/mberg-worklight.com\/#website"},"primaryImageOfPage":{"@id":"https:\/\/mberg-worklight.comfi\/#primaryimage"},"image":{"@id":"https:\/\/mberg-worklight.comfi\/#primaryimage"},"thumbnailUrl":"https:\/\/mberg-worklight.com\/wp-content\/uploads\/2016\/09\/2016-09-29-PHOTO-00000277.jpg","datePublished":"2016-09-26T10:52:34+00:00","dateModified":"2021-09-13T07:26:46+00:00","description":"Tilaa iskunkest\u00e4v\u00e4t, huoltovapaat ja taatusti tehokkaat MBerg LED-valaisimet ty\u00f6maallesi. Selv\u00e4\u00e4 s\u00e4\u00e4st\u00f6\u00e4 k\u00e4ytt\u00f6-, huolto- ja energiakustannuksissa","breadcrumb":{"@id":"https:\/\/mberg-worklight.comfi\/#breadcrumb"},"inLanguage":"fi","potentialAction":[{"@type":"ReadAction","target":["https:\/\/mberg-worklight.comfi\/"]}]},{"@type":"ImageObject","inLanguage":"fi","@id":"https:\/\/mberg-worklight.comfi\/#primaryimage","url":"https:\/\/mberg-worklight.com\/wp-content\/uploads\/2016\/09\/2016-09-29-PHOTO-00000277.jpg","contentUrl":"https:\/\/mberg-worklight.com\/wp-content\/uploads\/2016\/09\/2016-09-29-PHOTO-00000277.jpg","width":1600,"height":1066,"caption":"MBerg offers high-quality construction site lighting."},{"@type":"BreadcrumbList","@id":"https:\/\/mberg-worklight.comfi\/#breadcrumb","itemListElement":[{"@type":"ListItem","position":1,"name":"Etusivu","item":"https:\/\/mberg-worklight.comfi\/"},{"@type":"ListItem","position":2,"name":"MBerg\u00ae-ty\u00f6maavalaisimet &#8211; Paras valaistus ty\u00f6maalle"}]},{"@type":"WebSite","@id":"https:\/\/mberg-worklight.com\/#website","url":"https:\/\/mberg-worklight.com\/","name":"MBerg\u00ae-worklight (TSR | ELSITE)","description":"","potentialAction":[{"@type":"SearchAction","target":{"@type":"EntryPoint","urlTemplate":"https:\/\/mberg-worklight.com\/?s={search_term_string}"},"query-input":{"@type":"PropertyValueSpecification","valueRequired":true,"valueName":"search_term_string"}}],"inLanguage":"fi"}]}},"_links":{"self":[{"href":"https:\/\/mberg-worklight.com\/fi\/wp-json\/wp\/v2\/pages\/5","targetHints":{"allow":["GET"]}}],"collection":[{"href":"https:\/\/mberg-worklight.com\/fi\/wp-json\/wp\/v2\/pages"}],"about":[{"href":"https:\/\/mberg-worklight.com\/fi\/wp-json\/wp\/v2\/types\/page"}],"author":[{"embeddable":true,"href":"https:\/\/mberg-worklight.com\/fi\/wp-json\/wp\/v2\/users\/3"}],"replies":[{"embeddable":true,"href":"https:\/\/mberg-worklight.com\/fi\/wp-json\/wp\/v2\/comments?post=5"}],"version-history":[{"count":62,"href":"https:\/\/mberg-worklight.com\/fi\/wp-json\/wp\/v2\/pages\/5\/revisions"}],"predecessor-version":[{"id":3082,"href":"https:\/\/mberg-worklight.com\/fi\/wp-json\/wp\/v2\/pages\/5\/revisions\/3082"}],"wp:featuredmedia":[{"embeddable":true,"href":"https:\/\/mberg-worklight.com\/fi\/wp-json\/wp\/v2\/media\/74"}],"wp:attachment":[{"href":"https:\/\/mberg-worklight.com\/fi\/wp-json\/wp\/v2\/media?parent=5"}],"curies":[{"name":"wp","href":"https:\/\/api.w.org\/{rel}","templated":true}]}}