{"id":158,"date":"2016-09-30T12:11:50","date_gmt":"2016-09-30T12:11:50","guid":{"rendered":"http:\/\/mberg.beta.web-veistamo.fi\/?page_id=158"},"modified":"2016-11-11T10:49:47","modified_gmt":"2016-11-11T08:49:47","slug":"tilaa","status":"publish","type":"page","link":"https:\/\/mberg-worklight.com\/fi\/tilaa\/","title":{"rendered":"Tilaa"},"content":{"rendered":"<div class=\"wpb-content-wrapper\"><p>[vc_row][vc_column width=&#8221;1\/2&#8243; offset=&#8221;vc_hidden-xs&#8221;][vc_single_image image=&#8221;229&#8243; img_size=&#8221;large&#8221;][\/vc_column][vc_column width=&#8221;1\/2&#8243;][vc_column_text]<\/p>\n<p class=\"lead\">J\u00e4tt\u00e4m\u00e4ll\u00e4 yhteystietosi, otamme sinuun yhteytt\u00e4 ja sovimme mallivalaisimen l\u00e4hett\u00e4misest\u00e4.<\/p>\n<div class=\"wpcf7 no-js\" id=\"wpcf7-f160-o1\" lang=\"en-US\" dir=\"ltr\" data-wpcf7-id=\"160\">\n<div class=\"screen-reader-response\"><p role=\"status\" aria-live=\"polite\" aria-atomic=\"true\"><\/p> <ul><\/ul><\/div>\n<form action=\"\/fi\/wp-json\/wp\/v2\/pages\/158#wpcf7-f160-o1\" method=\"post\" class=\"wpcf7-form init\" aria-label=\"Contact form\" novalidate=\"novalidate\" data-status=\"init\">\n<fieldset class=\"hidden-fields-container\"><input type=\"hidden\" name=\"_wpcf7\" value=\"160\" \/><input type=\"hidden\" name=\"_wpcf7_version\" value=\"6.1.1\" \/><input type=\"hidden\" name=\"_wpcf7_locale\" value=\"en_US\" \/><input type=\"hidden\" name=\"_wpcf7_unit_tag\" value=\"wpcf7-f160-o1\" \/><input type=\"hidden\" name=\"_wpcf7_container_post\" value=\"0\" \/><input type=\"hidden\" name=\"_wpcf7_posted_data_hash\" value=\"\" \/><input type=\"hidden\" name=\"_wpcf7_recaptcha_response\" value=\"\" \/>\n<\/fieldset>\n<div class=\"clearfix\">\n\t<p><br \/>\n<span class=\"wpcf7-form-control-wrap\" data-name=\"yritys\"><input size=\"40\" maxlength=\"400\" class=\"wpcf7-form-control wpcf7-text wpcf7-validates-as-required\" aria-required=\"true\" aria-invalid=\"false\" placeholder=\"Yritys\" value=\"\" type=\"text\" name=\"yritys\" \/><\/span>\n\t<\/p>\n\t<p><br \/>\n<span class=\"wpcf7-form-control-wrap\" data-name=\"email\"><input size=\"40\" maxlength=\"400\" class=\"wpcf7-form-control wpcf7-email wpcf7-validates-as-required wpcf7-text wpcf7-validates-as-email\" aria-required=\"true\" aria-invalid=\"false\" placeholder=\"esimerkki@yritys.fi\" value=\"\" type=\"email\" name=\"email\" \/><\/span>\n\t<\/p>\n\t<p><br \/>\n<span class=\"wpcf7-form-control-wrap\" data-name=\"phone\"><input size=\"40\" maxlength=\"400\" class=\"wpcf7-form-control wpcf7-tel wpcf7-validates-as-required wpcf7-text wpcf7-validates-as-tel\" aria-required=\"true\" aria-invalid=\"false\" placeholder=\"+3581234567\" value=\"\" type=\"tel\" name=\"phone\" \/><\/span>\n\t<\/p>\n\t<p><br \/>\n<span class=\"wpcf7-form-control-wrap\" data-name=\"maara\"><span class=\"wpcf7-form-control wpcf7-radio\"><span class=\"wpcf7-list-item first\"><label><input type=\"radio\" name=\"maara\" value=\"Tilaan yhden testivalaisimen\" checked=\"checked\" \/><span class=\"wpcf7-list-item-label\">Tilaan yhden testivalaisimen<\/span><\/label><\/span><span class=\"wpcf7-list-item last\"><label><input type=\"radio\" name=\"maara\" value=\"Tilaan suuremman er\u00e4n\" \/><span class=\"wpcf7-list-item-label\">Tilaan suuremman er\u00e4n<\/span><\/label><\/span><\/span><\/span>\n\t<\/p>\n\t<p><br \/>\n<input class=\"wpcf7-form-control wpcf7-submit has-spinner\" type=\"submit\" value=\"Tilaa\" \/>\n\t<\/p>\n<\/div><div class=\"wpcf7-response-output\" aria-hidden=\"true\"><\/div>\n<\/form>\n<\/div>\n[\/vc_column_text][\/vc_column][\/vc_row]<\/p>\n<\/div>","protected":false},"excerpt":{"rendered":"[vc_row][vc_column width=&#8221;1\/2&#8243; offset=&#8221;vc_hidden-xs&#8221;][vc_single_image image=&#8221;229&#8243; img_size=&#8221;large&#8221;][\/vc_column][vc_column width=&#8221;1\/2&#8243;][vc_column_text] J\u00e4tt\u00e4m\u00e4ll\u00e4 yhteystietosi, otamme sinuun yhteytt\u00e4 ja sovimme mallivalaisimen l\u00e4hett\u00e4misest\u00e4. [\/vc_column_text][\/vc_column][\/vc_row]","protected":false},"author":3,"featured_media":236,"parent":0,"menu_order":999,"comment_status":"closed","ping_status":"closed","template":"page-matala.php","meta":{"_acf_changed":false,"footnotes":""},"class_list":["post-158","page","type-page","status-publish","has-post-thumbnail","hentry"],"acf":[],"yoast_head":"<!-- This site is optimized with the Yoast SEO plugin v27.4 - https:\/\/yoast.com\/product\/yoast-seo-wordpress\/ -->\n<title>Tilaa - MBerg-ty\u00f6maavalaisimet - Paras valo ty\u00f6maalle<\/title>\n<meta name=\"description\" content=\"Tilaa iskunkest\u00e4v\u00e4t, huoltovapaat ja taatusti tehokkaat MBerg LED-valaisimet ty\u00f6maallesi. Huomaat eron my\u00f6s valaistuksen elinkaarikustannuksissa.\" \/>\n<meta name=\"robots\" content=\"index, follow, max-snippet:-1, max-image-preview:large, max-video-preview:-1\" \/>\n<link rel=\"canonical\" href=\"https:\/\/mberg-worklight.comfi\/tilaa\/\" \/>\n<meta property=\"og:locale\" content=\"fi_FI\" \/>\n<meta property=\"og:type\" content=\"article\" \/>\n<meta property=\"og:title\" content=\"Tilaa - MBerg-ty\u00f6maavalaisimet - Paras valo ty\u00f6maalle\" \/>\n<meta property=\"og:description\" content=\"Tilaa iskunkest\u00e4v\u00e4t, huoltovapaat ja taatusti tehokkaat MBerg LED-valaisimet ty\u00f6maallesi. Huomaat eron my\u00f6s valaistuksen elinkaarikustannuksissa.\" \/>\n<meta property=\"og:url\" content=\"https:\/\/mberg-worklight.comfi\/tilaa\/\" \/>\n<meta property=\"og:site_name\" content=\"MBerg\u00ae-worklight (TSR | ELSITE)\" \/>\n<meta property=\"article:publisher\" content=\"https:\/\/www.facebook.com\/elsitemberg\/\" \/>\n<meta property=\"article:modified_time\" content=\"2016-11-11T08:49:47+00:00\" \/>\n<meta property=\"og:image\" content=\"https:\/\/mberg-worklight.com\/wp-content\/uploads\/2016\/10\/Vaihtoehto_1.jpg\" \/>\n\t<meta property=\"og:image:width\" content=\"2000\" \/>\n\t<meta property=\"og:image:height\" content=\"1333\" \/>\n\t<meta property=\"og:image:type\" content=\"image\/jpeg\" \/>\n<meta name=\"twitter:card\" content=\"summary_large_image\" \/>\n<script type=\"application\/ld+json\" class=\"yoast-schema-graph\">{\"@context\":\"https:\\\/\\\/schema.org\",\"@graph\":[{\"@type\":\"WebPage\",\"@id\":\"https:\\\/\\\/mberg-worklight.comfi\\\/tilaa\\\/\",\"url\":\"https:\\\/\\\/mberg-worklight.comfi\\\/tilaa\\\/\",\"name\":\"Tilaa - MBerg-ty\u00f6maavalaisimet - Paras valo ty\u00f6maalle\",\"isPartOf\":{\"@id\":\"https:\\\/\\\/mberg-worklight.com\\\/#website\"},\"primaryImageOfPage\":{\"@id\":\"https:\\\/\\\/mberg-worklight.comfi\\\/tilaa\\\/#primaryimage\"},\"image\":{\"@id\":\"https:\\\/\\\/mberg-worklight.comfi\\\/tilaa\\\/#primaryimage\"},\"thumbnailUrl\":\"https:\\\/\\\/mberg-worklight.com\\\/wp-content\\\/uploads\\\/2016\\\/10\\\/Vaihtoehto_1.jpg\",\"datePublished\":\"2016-09-30T12:11:50+00:00\",\"dateModified\":\"2016-11-11T08:49:47+00:00\",\"description\":\"Tilaa iskunkest\u00e4v\u00e4t, huoltovapaat ja taatusti tehokkaat MBerg LED-valaisimet ty\u00f6maallesi. Huomaat eron my\u00f6s valaistuksen elinkaarikustannuksissa.\",\"breadcrumb\":{\"@id\":\"https:\\\/\\\/mberg-worklight.comfi\\\/tilaa\\\/#breadcrumb\"},\"inLanguage\":\"fi\",\"potentialAction\":[{\"@type\":\"ReadAction\",\"target\":[\"https:\\\/\\\/mberg-worklight.comfi\\\/tilaa\\\/\"]}]},{\"@type\":\"ImageObject\",\"inLanguage\":\"fi\",\"@id\":\"https:\\\/\\\/mberg-worklight.comfi\\\/tilaa\\\/#primaryimage\",\"url\":\"https:\\\/\\\/mberg-worklight.com\\\/wp-content\\\/uploads\\\/2016\\\/10\\\/Vaihtoehto_1.jpg\",\"contentUrl\":\"https:\\\/\\\/mberg-worklight.com\\\/wp-content\\\/uploads\\\/2016\\\/10\\\/Vaihtoehto_1.jpg\",\"width\":2000,\"height\":1333},{\"@type\":\"BreadcrumbList\",\"@id\":\"https:\\\/\\\/mberg-worklight.comfi\\\/tilaa\\\/#breadcrumb\",\"itemListElement\":[{\"@type\":\"ListItem\",\"position\":1,\"name\":\"Etusivu\",\"item\":\"https:\\\/\\\/mberg-worklight.comfi\\\/\"},{\"@type\":\"ListItem\",\"position\":2,\"name\":\"Tilaa\"}]},{\"@type\":\"WebSite\",\"@id\":\"https:\\\/\\\/mberg-worklight.com\\\/#website\",\"url\":\"https:\\\/\\\/mberg-worklight.com\\\/\",\"name\":\"MBerg\u00ae-worklight (TSR | ELSITE)\",\"description\":\"\",\"potentialAction\":[{\"@type\":\"SearchAction\",\"target\":{\"@type\":\"EntryPoint\",\"urlTemplate\":\"https:\\\/\\\/mberg-worklight.com\\\/?s={search_term_string}\"},\"query-input\":{\"@type\":\"PropertyValueSpecification\",\"valueRequired\":true,\"valueName\":\"search_term_string\"}}],\"inLanguage\":\"fi\"}]}<\/script>\n<!-- \/ Yoast SEO plugin. -->","yoast_head_json":{"title":"Tilaa - MBerg-ty\u00f6maavalaisimet - Paras valo ty\u00f6maalle","description":"Tilaa iskunkest\u00e4v\u00e4t, huoltovapaat ja taatusti tehokkaat MBerg LED-valaisimet ty\u00f6maallesi. Huomaat eron my\u00f6s valaistuksen elinkaarikustannuksissa.","robots":{"index":"index","follow":"follow","max-snippet":"max-snippet:-1","max-image-preview":"max-image-preview:large","max-video-preview":"max-video-preview:-1"},"canonical":"https:\/\/mberg-worklight.comfi\/tilaa\/","og_locale":"fi_FI","og_type":"article","og_title":"Tilaa - MBerg-ty\u00f6maavalaisimet - Paras valo ty\u00f6maalle","og_description":"Tilaa iskunkest\u00e4v\u00e4t, huoltovapaat ja taatusti tehokkaat MBerg LED-valaisimet ty\u00f6maallesi. Huomaat eron my\u00f6s valaistuksen elinkaarikustannuksissa.","og_url":"https:\/\/mberg-worklight.comfi\/tilaa\/","og_site_name":"MBerg\u00ae-worklight (TSR | ELSITE)","article_publisher":"https:\/\/www.facebook.com\/elsitemberg\/","article_modified_time":"2016-11-11T08:49:47+00:00","og_image":[{"width":2000,"height":1333,"url":"https:\/\/mberg-worklight.com\/wp-content\/uploads\/2016\/10\/Vaihtoehto_1.jpg","type":"image\/jpeg"}],"twitter_card":"summary_large_image","schema":{"@context":"https:\/\/schema.org","@graph":[{"@type":"WebPage","@id":"https:\/\/mberg-worklight.comfi\/tilaa\/","url":"https:\/\/mberg-worklight.comfi\/tilaa\/","name":"Tilaa - MBerg-ty\u00f6maavalaisimet - Paras valo ty\u00f6maalle","isPartOf":{"@id":"https:\/\/mberg-worklight.com\/#website"},"primaryImageOfPage":{"@id":"https:\/\/mberg-worklight.comfi\/tilaa\/#primaryimage"},"image":{"@id":"https:\/\/mberg-worklight.comfi\/tilaa\/#primaryimage"},"thumbnailUrl":"https:\/\/mberg-worklight.com\/wp-content\/uploads\/2016\/10\/Vaihtoehto_1.jpg","datePublished":"2016-09-30T12:11:50+00:00","dateModified":"2016-11-11T08:49:47+00:00","description":"Tilaa iskunkest\u00e4v\u00e4t, huoltovapaat ja taatusti tehokkaat MBerg LED-valaisimet ty\u00f6maallesi. Huomaat eron my\u00f6s valaistuksen elinkaarikustannuksissa.","breadcrumb":{"@id":"https:\/\/mberg-worklight.comfi\/tilaa\/#breadcrumb"},"inLanguage":"fi","potentialAction":[{"@type":"ReadAction","target":["https:\/\/mberg-worklight.comfi\/tilaa\/"]}]},{"@type":"ImageObject","inLanguage":"fi","@id":"https:\/\/mberg-worklight.comfi\/tilaa\/#primaryimage","url":"https:\/\/mberg-worklight.com\/wp-content\/uploads\/2016\/10\/Vaihtoehto_1.jpg","contentUrl":"https:\/\/mberg-worklight.com\/wp-content\/uploads\/2016\/10\/Vaihtoehto_1.jpg","width":2000,"height":1333},{"@type":"BreadcrumbList","@id":"https:\/\/mberg-worklight.comfi\/tilaa\/#breadcrumb","itemListElement":[{"@type":"ListItem","position":1,"name":"Etusivu","item":"https:\/\/mberg-worklight.comfi\/"},{"@type":"ListItem","position":2,"name":"Tilaa"}]},{"@type":"WebSite","@id":"https:\/\/mberg-worklight.com\/#website","url":"https:\/\/mberg-worklight.com\/","name":"MBerg\u00ae-worklight (TSR | ELSITE)","description":"","potentialAction":[{"@type":"SearchAction","target":{"@type":"EntryPoint","urlTemplate":"https:\/\/mberg-worklight.com\/?s={search_term_string}"},"query-input":{"@type":"PropertyValueSpecification","valueRequired":true,"valueName":"search_term_string"}}],"inLanguage":"fi"}]}},"_links":{"self":[{"href":"https:\/\/mberg-worklight.com\/fi\/wp-json\/wp\/v2\/pages\/158","targetHints":{"allow":["GET"]}}],"collection":[{"href":"https:\/\/mberg-worklight.com\/fi\/wp-json\/wp\/v2\/pages"}],"about":[{"href":"https:\/\/mberg-worklight.com\/fi\/wp-json\/wp\/v2\/types\/page"}],"author":[{"embeddable":true,"href":"https:\/\/mberg-worklight.com\/fi\/wp-json\/wp\/v2\/users\/3"}],"replies":[{"embeddable":true,"href":"https:\/\/mberg-worklight.com\/fi\/wp-json\/wp\/v2\/comments?post=158"}],"version-history":[{"count":10,"href":"https:\/\/mberg-worklight.com\/fi\/wp-json\/wp\/v2\/pages\/158\/revisions"}],"predecessor-version":[{"id":196,"href":"https:\/\/mberg-worklight.com\/fi\/wp-json\/wp\/v2\/pages\/158\/revisions\/196"}],"wp:featuredmedia":[{"embeddable":true,"href":"https:\/\/mberg-worklight.com\/fi\/wp-json\/wp\/v2\/media\/236"}],"wp:attachment":[{"href":"https:\/\/mberg-worklight.com\/fi\/wp-json\/wp\/v2\/media?parent=158"}],"curies":[{"name":"wp","href":"https:\/\/api.w.org\/{rel}","templated":true}]}}